{"id":44129,"date":"2025-06-03T12:03:47","date_gmt":"2025-06-03T10:03:47","guid":{"rendered":"https:\/\/caminandofronteras.org\/?page_id=44129"},"modified":"2026-04-07T18:12:00","modified_gmt":"2026-04-07T16:12:00","slug":"sauvegarde-et-bonne-gouvernance","status":"publish","type":"page","link":"https:\/\/caminandofronteras.org\/fr\/sauvegarde-et-bonne-gouvernance\/","title":{"rendered":"Sauvegarde et bonne gouvernance"},"content":{"rendered":"\n<p>Ca-Minando Fronteras reconna\u00eet l\u2019importance fondamentale de prot\u00e9ger la dignit\u00e9 et les droits de toutes les personnes avec lesquelles elle interagit, en particulier les enfants, les adolescents, les femmes et les adultes vuln\u00e9rables. Nous nous engageons \u00e0 cr\u00e9er et \u00e0 maintenir un environnement s\u00fbr qui respecte nos valeurs et pr\u00e9vient toute forme d\u2019abus ou d\u2019exploitation, en particulier les abus sexuels. Notre approche, centr\u00e9e sur les victimes, donne toujours la priorit\u00e9 \u00e0 leur bien-\u00eatre et \u00e0 leurs besoins.<\/p>\n\n\n\n<p>Notre politique de sauvegarde \u00e9tablit des normes claires de conduite pour l\u2019ensemble du personnel, des b\u00e9n\u00e9voles et des collaborateurs de Ca-Minando Fronteras. Cela inclut la mise en \u0153uvre de mesures de pr\u00e9vention du harc\u00e8lement sur le lieu de travail, la formation continue en mati\u00e8re d\u2019\u00e9galit\u00e9 et l\u2019\u00e9tablissement de proc\u00e9dures pour signaler les situations d\u2019abus, en particulier les comportements sexistes ou racistes. Ces politiques ont \u00e9t\u00e9 \u00e9tablies dans le but expr\u00e8s de prot\u00e9ger les personnes avec lesquelles nous travaillons, ainsi que notre \u00e9quipe.<\/p>\n\n\n\n<p>Toutes nos politiques et tous nos protocoles d\u2019action sont publiquement disponibles aux liens suivants&nbsp;:<\/p>\n\n\n\n<div class=\"wp-block-columns is-layout-flex wp-container-core-columns-is-layout-9d6595d7 wp-block-columns-is-layout-flex\">\n<div class=\"wp-block-column is-layout-flow wp-block-column-is-layout-flow\"><div class=\"wp-block-image\">\n<figure class=\"aligncenter size-large is-resized\"><img fetchpriority=\"high\" decoding=\"async\" width=\"724\" height=\"1024\" src=\"https:\/\/caminandofronteras.org\/wp-content\/uploads\/2026\/03\/ESTATUTOS-fr-724x1024.jpg\" alt=\"\" class=\"wp-image-44884\" style=\"width:220px\" srcset=\"https:\/\/caminandofronteras.org\/wp-content\/uploads\/2026\/03\/ESTATUTOS-fr-724x1024.jpg 724w, https:\/\/caminandofronteras.org\/wp-content\/uploads\/2026\/03\/ESTATUTOS-fr-212x300.jpg 212w, https:\/\/caminandofronteras.org\/wp-content\/uploads\/2026\/03\/ESTATUTOS-fr-768x1086.jpg 768w, https:\/\/caminandofronteras.org\/wp-content\/uploads\/2026\/03\/ESTATUTOS-fr-1086x1536.jpg 1086w, https:\/\/caminandofronteras.org\/wp-content\/uploads\/2026\/03\/ESTATUTOS-fr.jpg 1414w\" sizes=\"(max-width: 724px) 100vw, 724px\" \/><\/figure>\n<\/div>\n\n\n<p class=\"has-text-align-center\"><a href=\"https:\/\/caminandofronteras.org\/wp-content\/uploads\/2026\/04\/Estatutos-CF-web.pdf\" target=\"_blank\" rel=\"noreferrer noopener\">Statuts Ca-Minando Fronteras<\/a><\/p>\n<\/div>\n\n\n\n<div class=\"wp-block-column is-layout-flow wp-block-column-is-layout-flow\"><div class=\"wp-block-image\">\n<figure class=\"aligncenter size-large is-resized has-lightbox\"><a href=\"https:\/\/caminandofronteras.org\/wp-content\/uploads\/2025\/06\/Codigo-de-conducta-FR.pdf\" target=\"_blank\" rel=\" noreferrer noopener\"><img decoding=\"async\" width=\"724\" height=\"1024\" src=\"https:\/\/caminandofronteras.org\/wp-content\/uploads\/2025\/06\/imagen-1-724x1024.png\" alt=\"\" class=\"wp-image-44133\" style=\"width:220px\" srcset=\"https:\/\/caminandofronteras.org\/wp-content\/uploads\/2025\/06\/imagen-1-724x1024.png 724w, https:\/\/caminandofronteras.org\/wp-content\/uploads\/2025\/06\/imagen-1-212x300.png 212w, https:\/\/caminandofronteras.org\/wp-content\/uploads\/2025\/06\/imagen-1-768x1086.png 768w, https:\/\/caminandofronteras.org\/wp-content\/uploads\/2025\/06\/imagen-1-1086x1536.png 1086w, https:\/\/caminandofronteras.org\/wp-content\/uploads\/2025\/06\/imagen-1.png 1089w\" sizes=\"(max-width: 724px) 100vw, 724px\" \/><\/a><\/figure>\n<\/div>\n\n\n<p class=\"has-text-align-center\"><a href=\"https:\/\/caminandofronteras.org\/wp-content\/uploads\/2025\/06\/Codigo-de-conducta-FR.pdf\" target=\"_blank\" rel=\"noreferrer noopener\">Code de conduite<\/a><br><\/p>\n<\/div>\n\n\n\n<div class=\"wp-block-column is-layout-flow wp-block-column-is-layout-flow\"><div class=\"wp-block-image\">\n<figure class=\"aligncenter size-large is-resized has-lightbox\"><a href=\"https:\/\/caminandofronteras.org\/wp-content\/uploads\/2025\/05\/FR-Protocole-de-prevention-et-daction-contre-le-harcelement-sexuel.pdf\" target=\"_blank\" rel=\" noreferrer noopener\"><img decoding=\"async\" width=\"720\" height=\"1024\" src=\"https:\/\/caminandofronteras.org\/wp-content\/uploads\/2025\/06\/imagen-2-720x1024.png\" alt=\"\" class=\"wp-image-44139\" style=\"width:220px\" srcset=\"https:\/\/caminandofronteras.org\/wp-content\/uploads\/2025\/06\/imagen-2-720x1024.png 720w, https:\/\/caminandofronteras.org\/wp-content\/uploads\/2025\/06\/imagen-2-211x300.png 211w, https:\/\/caminandofronteras.org\/wp-content\/uploads\/2025\/06\/imagen-2-768x1092.png 768w, https:\/\/caminandofronteras.org\/wp-content\/uploads\/2025\/06\/imagen-2.png 790w\" sizes=\"(max-width: 720px) 100vw, 720px\" \/><\/a><\/figure>\n<\/div>\n\n\n<p class=\"has-text-align-center\"><a href=\"https:\/\/caminandofronteras.org\/wp-content\/uploads\/2025\/05\/FR-Protocole-de-prevention-et-daction-contre-le-harcelement-sexuel.pdf\" target=\"_blank\" rel=\"noreferrer noopener\">Protocole de pr\u00e9vention et d\u2019action contre le harc\u00e8lement sexuel en milieu professionnel<\/a><\/p>\n<\/div>\n<\/div>\n\n\n\n<div class=\"wp-block-columns is-layout-flex wp-container-core-columns-is-layout-9d6595d7 wp-block-columns-is-layout-flex\">\n<div class=\"wp-block-column is-layout-flow wp-block-column-is-layout-flow\"><div class=\"wp-block-image\">\n<figure class=\"aligncenter size-full is-resized has-lightbox\"><a href=\"https:\/\/caminandofronteras.org\/wp-content\/uploads\/2025\/06\/FR-POLITIQUES-DE-SAUVEGARDE.pdf\" target=\"_blank\" rel=\" noreferrer noopener\"><img loading=\"lazy\" decoding=\"async\" width=\"610\" height=\"867\" src=\"https:\/\/caminandofronteras.org\/wp-content\/uploads\/2025\/06\/imagen-6.png\" alt=\"\" class=\"wp-image-44158\" style=\"width:220px\" srcset=\"https:\/\/caminandofronteras.org\/wp-content\/uploads\/2025\/06\/imagen-6.png 610w, https:\/\/caminandofronteras.org\/wp-content\/uploads\/2025\/06\/imagen-6-211x300.png 211w\" sizes=\"(max-width: 610px) 100vw, 610px\" \/><\/a><\/figure>\n<\/div>\n\n\n<p class=\"has-text-align-center\"><a href=\"https:\/\/caminandofronteras.org\/wp-content\/uploads\/2025\/05\/FR-POLITIQUES-DE-SAFE-GUARDING.pdf\" target=\"_blank\" rel=\"noreferrer noopener\">Politiques de Sauvegarde<\/a><br><\/p>\n<\/div>\n\n\n\n<div class=\"wp-block-column is-layout-flow wp-block-column-is-layout-flow\"><div class=\"wp-block-image\">\n<figure class=\"aligncenter size-full is-resized has-lightbox\"><a href=\"https:\/\/caminandofronteras.org\/wp-content\/uploads\/2025\/05\/FR-Guide-de-protection-pour-les-enfants-et-les-adultes-vulnerables.pdf\" target=\"_blank\" rel=\" noreferrer noopener\"><img loading=\"lazy\" decoding=\"async\" width=\"615\" height=\"873\" src=\"https:\/\/caminandofronteras.org\/wp-content\/uploads\/2025\/06\/imagen-4.png\" alt=\"\" class=\"wp-image-44145\" style=\"width:220px\" srcset=\"https:\/\/caminandofronteras.org\/wp-content\/uploads\/2025\/06\/imagen-4.png 615w, https:\/\/caminandofronteras.org\/wp-content\/uploads\/2025\/06\/imagen-4-211x300.png 211w\" sizes=\"(max-width: 615px) 100vw, 615px\" \/><\/a><\/figure>\n<\/div>\n\n\n<p class=\"has-text-align-center\"><a href=\"https:\/\/caminandofronteras.org\/wp-content\/uploads\/2025\/05\/FR-Guide-de-protection-pour-les-enfants-et-les-adultes-vulnerables.pdf\" target=\"_blank\" rel=\"noreferrer noopener\">Guide de protection pour les enfants et les adultes vuln\u00e9rables<\/a><br><\/p>\n<\/div>\n\n\n\n<div class=\"wp-block-column is-layout-flow wp-block-column-is-layout-flow\"><div class=\"wp-block-image\">\n<figure class=\"aligncenter size-full is-resized has-lightbox\"><a href=\"https:\/\/caminandofronteras.org\/wp-content\/uploads\/2025\/05\/FR-PROTOCOLE-DE-SECURITE-POUR-LES-PERSONNES-COLLABORANT-AVEC-LE-COLLECTIF.pdf\" target=\"_blank\" rel=\" noreferrer noopener\"><img loading=\"lazy\" decoding=\"async\" width=\"613\" height=\"868\" src=\"https:\/\/caminandofronteras.org\/wp-content\/uploads\/2025\/06\/imagen-5.png\" alt=\"\" class=\"wp-image-44148\" style=\"width:220px\" srcset=\"https:\/\/caminandofronteras.org\/wp-content\/uploads\/2025\/06\/imagen-5.png 613w, https:\/\/caminandofronteras.org\/wp-content\/uploads\/2025\/06\/imagen-5-212x300.png 212w\" sizes=\"(max-width: 613px) 100vw, 613px\" \/><\/a><\/figure>\n<\/div>\n\n\n<p class=\"has-text-align-center\"><a href=\"https:\/\/caminandofronteras.org\/wp-content\/uploads\/2025\/03\/Protocolo-de-Seguridad-para-las-Personas-que-Trabajan-como-Colaboradoras-del-Colectivo-ok-1.pdf\" target=\"_blank\" rel=\"noreferrer noopener\">Protocole de s\u00e9curit\u00e9 pour les personnes collaborant avec le collectif<\/a><\/p>\n<\/div>\n<\/div>\n\n\n\n<p>Ca-Minando Fronteras s\u2019engage \u00e0 r\u00e9pondre de mani\u00e8re rapide et efficace \u00e0 toute suspicion ou d\u00e9nonciation d\u2019abus. Nous avons mis en place un syst\u00e8me confidentiel pour signaler les incidents et nous nous assurons que toutes les notifications soient examin\u00e9es en profondeur.<\/p>\n\n\n\n<p>Si vous avez connaissance ou soup\u00e7onnez une situation inappropri\u00e9e ou un comportement illicite, acc\u00e9dez au formulaire de plainte ou \u00e9crivez \u00e0&nbsp;<a rel=\"noreferrer noopener\" target=\"_blank\" href=\"mailto:quejas@caminandofronteras.org\">quejas@caminandofronteras.org<\/a><\/p>\n\n\n\n<p>Pour \u00e9tudier les plaintes et d\u00e9nonciations re\u00e7ues, le collectif d\u00e9signera une personne qui ne soit pas impliqu\u00e9e dans les activit\u00e9s men\u00e9es par les personnes concern\u00e9es par ladite plainte. Cette personne analysera les faits avec neutralit\u00e9 et proposera les d\u00e9cisions appropri\u00e9es en appliquant les principes inscrits dans nos codes de conduite et protocoles d\u2019action.<\/p>\n\n\n\n<div style=\"height:50px\" aria-hidden=\"true\" class=\"wp-block-spacer\"><\/div>\n\n\n\n<p><strong>Engagement social<\/strong><\/p>\n\n\n\n<p>Ca-Minando Fronteras respecte la l\u00e9galit\u00e9 dans toutes les actions li\u00e9es \u00e0 notre travail, et nous nous soumettons \u00e9galement aux codes et standards qui r\u00e9gissent la gestion des ONG. Plus d\u2019informations&nbsp;:<\/p>\n\n\n\n<div class=\"wp-block-columns is-layout-flex wp-container-core-columns-is-layout-9d6595d7 wp-block-columns-is-layout-flex\">\n<div class=\"wp-block-column is-layout-flow wp-block-column-is-layout-flow\"><div class=\"wp-block-image\">\n<figure class=\"aligncenter size-full is-resized has-lightbox\"><a href=\"https:\/\/caminandofronteras.org\/wp-content\/uploads\/2025\/06\/TRANSPARENCE-ET-BONNE-GOBERNANCE-2024.pdf\" target=\"_blank\" rel=\" noreferrer noopener\"><img loading=\"lazy\" decoding=\"async\" width=\"974\" height=\"545\" src=\"https:\/\/caminandofronteras.org\/wp-content\/uploads\/2025\/06\/imagen-7.png\" alt=\"\" class=\"wp-image-44163\" style=\"width:421px\" srcset=\"https:\/\/caminandofronteras.org\/wp-content\/uploads\/2025\/06\/imagen-7.png 974w, https:\/\/caminandofronteras.org\/wp-content\/uploads\/2025\/06\/imagen-7-300x168.png 300w, https:\/\/caminandofronteras.org\/wp-content\/uploads\/2025\/06\/imagen-7-768x430.png 768w\" sizes=\"(max-width: 974px) 100vw, 974px\" \/><\/a><\/figure>\n<\/div>\n\n\n<p class=\"has-text-align-center\"><a href=\"https:\/\/caminandofronteras.org\/wp-content\/uploads\/2025\/06\/TRANSPARENCE-ET-BONNE-GOBERNANCE-2024.pdf\" target=\"_blank\" rel=\"noreferrer noopener\">Transparence et bonne gouvernance 2024<\/a><\/p>\n\n\n\n<ul class=\"wp-block-list\">\n<li><\/li>\n<\/ul>\n\n\n\n<ul class=\"wp-block-list\">\n<li><\/li>\n<\/ul>\n<\/div>\n\n\n\n<div class=\"wp-block-column is-layout-flow wp-block-column-is-layout-flow\"><div class=\"wp-block-image\">\n<figure class=\"aligncenter size-full is-resized has-lightbox\"><a href=\"https:\/\/caminandofronteras.org\/wp-content\/uploads\/2025\/06\/Memoria-2024-CF-FR.pdf\" target=\"_blank\" rel=\" noreferrer noopener\"><img loading=\"lazy\" decoding=\"async\" width=\"1671\" height=\"937\" src=\"https:\/\/caminandofronteras.org\/wp-content\/uploads\/2025\/06\/imagen-11.png\" alt=\"\" class=\"wp-image-44359\" style=\"width:421px\" srcset=\"https:\/\/caminandofronteras.org\/wp-content\/uploads\/2025\/06\/imagen-11.png 1671w, https:\/\/caminandofronteras.org\/wp-content\/uploads\/2025\/06\/imagen-11-300x168.png 300w, https:\/\/caminandofronteras.org\/wp-content\/uploads\/2025\/06\/imagen-11-1024x574.png 1024w, https:\/\/caminandofronteras.org\/wp-content\/uploads\/2025\/06\/imagen-11-768x431.png 768w, https:\/\/caminandofronteras.org\/wp-content\/uploads\/2025\/06\/imagen-11-1536x861.png 1536w\" sizes=\"(max-width: 1671px) 100vw, 1671px\" \/><\/a><\/figure>\n<\/div>\n\n\n<p class=\"has-text-align-center\"><a href=\"https:\/\/caminandofronteras.org\/wp-content\/uploads\/2025\/06\/Memoria-2024-CF-FR.pdf\" target=\"_blank\" rel=\"noreferrer noopener\">Rapport d&rsquo;activit\u00e9 2024<\/a><\/p>\n\n\n\n<pre class=\"wp-block-preformatted\"><strong>Rapports des ann\u00e9es pr\u00e9c\u00e9dentes<\/strong><\/pre>\n\n\n\n<ul class=\"wp-block-list\">\n<li><a href=\"https:\/\/caminandofronteras.org\/wp-content\/uploads\/2025\/03\/Memoria-2023-FR.pdf\" target=\"_blank\" rel=\"noreferrer noopener\"><strong>Rapport d&rsquo;activit\u00e9 2023<\/strong><\/a><\/li>\n<\/ul>\n<\/div>\n<\/div>\n\n\n\n<div style=\"height:58px\" aria-hidden=\"true\" class=\"wp-block-spacer\"><\/div>\n","protected":false},"excerpt":{"rendered":"<p>Ca-Minando Fronteras reconna\u00eet l\u2019importance fondamentale de prot\u00e9ger la dignit\u00e9 et les droits de toutes les personnes avec lesquelles elle interagit, en particulier les enfants, les adolescents, les femmes et les adultes vuln\u00e9rables. Nous nous engageons \u00e0 cr\u00e9er et \u00e0 maintenir un environnement s\u00fbr qui respecte nos valeurs et pr\u00e9vient toute forme d\u2019abus ou d\u2019exploitation, en &#8230; <a title=\"Sauvegarde et bonne gouvernance\" class=\"read-more\" href=\"https:\/\/caminandofronteras.org\/fr\/sauvegarde-et-bonne-gouvernance\/\" aria-label=\"En savoir plus sur Sauvegarde et bonne gouvernance\">Lire plus<\/a><\/p>\n","protected":false},"author":10,"featured_media":0,"parent":0,"menu_order":0,"comment_status":"closed","ping_status":"closed","template":"","meta":{"_acf_changed":false,"_coblocks_attr":"","_coblocks_dimensions":"","_coblocks_responsive_height":"","_coblocks_accordion_ie_support":"","pgc_sgb_lightbox_settings":"","footnotes":""},"class_list":["post-44129","page","type-page","status-publish"],"acf":[],"yoast_head":"<!-- This site is optimized with the Yoast SEO plugin v26.9 - https:\/\/yoast.com\/product\/yoast-seo-wordpress\/ -->\n<title>Sauvegarde et bonne gouvernance - Caminando Fronteras<\/title>\n<meta name=\"robots\" content=\"index, follow, max-snippet:-1, max-image-preview:large, max-video-preview:-1\" \/>\n<link rel=\"canonical\" href=\"https:\/\/caminandofronteras.org\/fr\/sauvegarde-et-bonne-gouvernance\/\" \/>\n<meta property=\"og:locale\" content=\"fr_FR\" \/>\n<meta property=\"og:type\" content=\"article\" \/>\n<meta property=\"og:title\" content=\"Sauvegarde et bonne gouvernance - Caminando Fronteras\" \/>\n<meta property=\"og:description\" content=\"Ca-Minando Fronteras reconna\u00eet l\u2019importance fondamentale de prot\u00e9ger la dignit\u00e9 et les droits de toutes les personnes avec lesquelles elle interagit, en particulier les enfants, les adolescents, les femmes et les adultes vuln\u00e9rables. Nous nous engageons \u00e0 cr\u00e9er et \u00e0 maintenir un environnement s\u00fbr qui respecte nos valeurs et pr\u00e9vient toute forme d\u2019abus ou d\u2019exploitation, en ... Lire plus\" \/>\n<meta property=\"og:url\" content=\"https:\/\/caminandofronteras.org\/fr\/sauvegarde-et-bonne-gouvernance\/\" \/>\n<meta property=\"og:site_name\" content=\"Caminando Fronteras\" \/>\n<meta property=\"article:modified_time\" content=\"2026-04-07T16:12:00+00:00\" \/>\n<meta property=\"og:image\" content=\"https:\/\/caminandofronteras.org\/wp-content\/uploads\/2026\/03\/ESTATUTOS-fr.jpg\" \/>\n\t<meta property=\"og:image:width\" content=\"1414\" \/>\n\t<meta property=\"og:image:height\" content=\"2000\" \/>\n\t<meta property=\"og:image:type\" content=\"image\/jpeg\" \/>\n<meta name=\"twitter:card\" content=\"summary_large_image\" \/>\n<meta name=\"twitter:label1\" content=\"Dur\u00e9e de lecture estim\u00e9e\" \/>\n\t<meta name=\"twitter:data1\" content=\"4 minutes\" \/>\n<script type=\"application\/ld+json\" class=\"yoast-schema-graph\">{\"@context\":\"https:\/\/schema.org\",\"@graph\":[{\"@type\":\"WebPage\",\"@id\":\"https:\/\/caminandofronteras.org\/fr\/sauvegarde-et-bonne-gouvernance\/\",\"url\":\"https:\/\/caminandofronteras.org\/fr\/sauvegarde-et-bonne-gouvernance\/\",\"name\":\"Sauvegarde et bonne gouvernance - Caminando Fronteras\",\"isPartOf\":{\"@id\":\"https:\/\/caminandofronteras.org\/fr\/#website\"},\"primaryImageOfPage\":{\"@id\":\"https:\/\/caminandofronteras.org\/fr\/sauvegarde-et-bonne-gouvernance\/#primaryimage\"},\"image\":{\"@id\":\"https:\/\/caminandofronteras.org\/fr\/sauvegarde-et-bonne-gouvernance\/#primaryimage\"},\"thumbnailUrl\":\"https:\/\/caminandofronteras.org\/wp-content\/uploads\/2026\/03\/ESTATUTOS-fr-724x1024.jpg\",\"datePublished\":\"2025-06-03T10:03:47+00:00\",\"dateModified\":\"2026-04-07T16:12:00+00:00\",\"breadcrumb\":{\"@id\":\"https:\/\/caminandofronteras.org\/fr\/sauvegarde-et-bonne-gouvernance\/#breadcrumb\"},\"inLanguage\":\"fr-FR\",\"potentialAction\":[{\"@type\":\"ReadAction\",\"target\":[\"https:\/\/caminandofronteras.org\/fr\/sauvegarde-et-bonne-gouvernance\/\"]}]},{\"@type\":\"ImageObject\",\"inLanguage\":\"fr-FR\",\"@id\":\"https:\/\/caminandofronteras.org\/fr\/sauvegarde-et-bonne-gouvernance\/#primaryimage\",\"url\":\"https:\/\/caminandofronteras.org\/wp-content\/uploads\/2026\/03\/ESTATUTOS-fr-724x1024.jpg\",\"contentUrl\":\"https:\/\/caminandofronteras.org\/wp-content\/uploads\/2026\/03\/ESTATUTOS-fr-724x1024.jpg\"},{\"@type\":\"BreadcrumbList\",\"@id\":\"https:\/\/caminandofronteras.org\/fr\/sauvegarde-et-bonne-gouvernance\/#breadcrumb\",\"itemListElement\":[{\"@type\":\"ListItem\",\"position\":1,\"name\":\"Portada\",\"item\":\"https:\/\/caminandofronteras.org\/fr\/\"},{\"@type\":\"ListItem\",\"position\":2,\"name\":\"Sauvegarde et bonne gouvernance\"}]},{\"@type\":\"WebSite\",\"@id\":\"https:\/\/caminandofronteras.org\/fr\/#website\",\"url\":\"https:\/\/caminandofronteras.org\/fr\/\",\"name\":\"Caminando Fronteras\",\"description\":\"Construyendo comunidad migrante\",\"publisher\":{\"@id\":\"https:\/\/caminandofronteras.org\/fr\/#organization\"},\"potentialAction\":[{\"@type\":\"SearchAction\",\"target\":{\"@type\":\"EntryPoint\",\"urlTemplate\":\"https:\/\/caminandofronteras.org\/fr\/?s={search_term_string}\"},\"query-input\":{\"@type\":\"PropertyValueSpecification\",\"valueRequired\":true,\"valueName\":\"search_term_string\"}}],\"inLanguage\":\"fr-FR\"},{\"@type\":\"Organization\",\"@id\":\"https:\/\/caminandofronteras.org\/fr\/#organization\",\"name\":\"Caminando Fronteras\",\"url\":\"https:\/\/caminandofronteras.org\/fr\/\",\"logo\":{\"@type\":\"ImageObject\",\"inLanguage\":\"fr-FR\",\"@id\":\"https:\/\/caminandofronteras.org\/fr\/#\/schema\/logo\/image\/\",\"url\":\"https:\/\/caminandofronteras.org\/wp-content\/uploads\/2020\/02\/cff-negro.svg\",\"contentUrl\":\"https:\/\/caminandofronteras.org\/wp-content\/uploads\/2020\/02\/cff-negro.svg\",\"width\":758,\"height\":320,\"caption\":\"Caminando Fronteras\"},\"image\":{\"@id\":\"https:\/\/caminandofronteras.org\/fr\/#\/schema\/logo\/image\/\"}}]}<\/script>\n<!-- \/ Yoast SEO plugin. -->","yoast_head_json":{"title":"Sauvegarde et bonne gouvernance - Caminando Fronteras","robots":{"index":"index","follow":"follow","max-snippet":"max-snippet:-1","max-image-preview":"max-image-preview:large","max-video-preview":"max-video-preview:-1"},"canonical":"https:\/\/caminandofronteras.org\/fr\/sauvegarde-et-bonne-gouvernance\/","og_locale":"fr_FR","og_type":"article","og_title":"Sauvegarde et bonne gouvernance - Caminando Fronteras","og_description":"Ca-Minando Fronteras reconna\u00eet l\u2019importance fondamentale de prot\u00e9ger la dignit\u00e9 et les droits de toutes les personnes avec lesquelles elle interagit, en particulier les enfants, les adolescents, les femmes et les adultes vuln\u00e9rables. Nous nous engageons \u00e0 cr\u00e9er et \u00e0 maintenir un environnement s\u00fbr qui respecte nos valeurs et pr\u00e9vient toute forme d\u2019abus ou d\u2019exploitation, en ... Lire plus","og_url":"https:\/\/caminandofronteras.org\/fr\/sauvegarde-et-bonne-gouvernance\/","og_site_name":"Caminando Fronteras","article_modified_time":"2026-04-07T16:12:00+00:00","og_image":[{"width":1414,"height":2000,"url":"https:\/\/caminandofronteras.org\/wp-content\/uploads\/2026\/03\/ESTATUTOS-fr.jpg","type":"image\/jpeg"}],"twitter_card":"summary_large_image","twitter_misc":{"Dur\u00e9e de lecture estim\u00e9e":"4 minutes"},"schema":{"@context":"https:\/\/schema.org","@graph":[{"@type":"WebPage","@id":"https:\/\/caminandofronteras.org\/fr\/sauvegarde-et-bonne-gouvernance\/","url":"https:\/\/caminandofronteras.org\/fr\/sauvegarde-et-bonne-gouvernance\/","name":"Sauvegarde et bonne gouvernance - Caminando Fronteras","isPartOf":{"@id":"https:\/\/caminandofronteras.org\/fr\/#website"},"primaryImageOfPage":{"@id":"https:\/\/caminandofronteras.org\/fr\/sauvegarde-et-bonne-gouvernance\/#primaryimage"},"image":{"@id":"https:\/\/caminandofronteras.org\/fr\/sauvegarde-et-bonne-gouvernance\/#primaryimage"},"thumbnailUrl":"https:\/\/caminandofronteras.org\/wp-content\/uploads\/2026\/03\/ESTATUTOS-fr-724x1024.jpg","datePublished":"2025-06-03T10:03:47+00:00","dateModified":"2026-04-07T16:12:00+00:00","breadcrumb":{"@id":"https:\/\/caminandofronteras.org\/fr\/sauvegarde-et-bonne-gouvernance\/#breadcrumb"},"inLanguage":"fr-FR","potentialAction":[{"@type":"ReadAction","target":["https:\/\/caminandofronteras.org\/fr\/sauvegarde-et-bonne-gouvernance\/"]}]},{"@type":"ImageObject","inLanguage":"fr-FR","@id":"https:\/\/caminandofronteras.org\/fr\/sauvegarde-et-bonne-gouvernance\/#primaryimage","url":"https:\/\/caminandofronteras.org\/wp-content\/uploads\/2026\/03\/ESTATUTOS-fr-724x1024.jpg","contentUrl":"https:\/\/caminandofronteras.org\/wp-content\/uploads\/2026\/03\/ESTATUTOS-fr-724x1024.jpg"},{"@type":"BreadcrumbList","@id":"https:\/\/caminandofronteras.org\/fr\/sauvegarde-et-bonne-gouvernance\/#breadcrumb","itemListElement":[{"@type":"ListItem","position":1,"name":"Portada","item":"https:\/\/caminandofronteras.org\/fr\/"},{"@type":"ListItem","position":2,"name":"Sauvegarde et bonne gouvernance"}]},{"@type":"WebSite","@id":"https:\/\/caminandofronteras.org\/fr\/#website","url":"https:\/\/caminandofronteras.org\/fr\/","name":"Caminando Fronteras","description":"Construyendo comunidad migrante","publisher":{"@id":"https:\/\/caminandofronteras.org\/fr\/#organization"},"potentialAction":[{"@type":"SearchAction","target":{"@type":"EntryPoint","urlTemplate":"https:\/\/caminandofronteras.org\/fr\/?s={search_term_string}"},"query-input":{"@type":"PropertyValueSpecification","valueRequired":true,"valueName":"search_term_string"}}],"inLanguage":"fr-FR"},{"@type":"Organization","@id":"https:\/\/caminandofronteras.org\/fr\/#organization","name":"Caminando Fronteras","url":"https:\/\/caminandofronteras.org\/fr\/","logo":{"@type":"ImageObject","inLanguage":"fr-FR","@id":"https:\/\/caminandofronteras.org\/fr\/#\/schema\/logo\/image\/","url":"https:\/\/caminandofronteras.org\/wp-content\/uploads\/2020\/02\/cff-negro.svg","contentUrl":"https:\/\/caminandofronteras.org\/wp-content\/uploads\/2020\/02\/cff-negro.svg","width":758,"height":320,"caption":"Caminando Fronteras"},"image":{"@id":"https:\/\/caminandofronteras.org\/fr\/#\/schema\/logo\/image\/"}}]}},"_links":{"self":[{"href":"https:\/\/caminandofronteras.org\/fr\/wp-json\/wp\/v2\/pages\/44129","targetHints":{"allow":["GET"]}}],"collection":[{"href":"https:\/\/caminandofronteras.org\/fr\/wp-json\/wp\/v2\/pages"}],"about":[{"href":"https:\/\/caminandofronteras.org\/fr\/wp-json\/wp\/v2\/types\/page"}],"author":[{"embeddable":true,"href":"https:\/\/caminandofronteras.org\/fr\/wp-json\/wp\/v2\/users\/10"}],"replies":[{"embeddable":true,"href":"https:\/\/caminandofronteras.org\/fr\/wp-json\/wp\/v2\/comments?post=44129"}],"version-history":[{"count":8,"href":"https:\/\/caminandofronteras.org\/fr\/wp-json\/wp\/v2\/pages\/44129\/revisions"}],"predecessor-version":[{"id":45155,"href":"https:\/\/caminandofronteras.org\/fr\/wp-json\/wp\/v2\/pages\/44129\/revisions\/45155"}],"wp:attachment":[{"href":"https:\/\/caminandofronteras.org\/fr\/wp-json\/wp\/v2\/media?parent=44129"}],"curies":[{"name":"wp","href":"https:\/\/api.w.org\/{rel}","templated":true}]}}