{"id":6397,"date":"2020-03-23T17:31:09","date_gmt":"2020-03-23T16:31:09","guid":{"rendered":"https:\/\/caminandofronteras.org\/droit-a-la-vie\/rutas\/"},"modified":"2023-02-28T14:15:21","modified_gmt":"2023-02-28T13:15:21","slug":"routes","status":"publish","type":"page","link":"https:\/\/caminandofronteras.org\/fr\/droit-a-la-vie\/routes\/","title":{"rendered":"Les routes"},"content":{"rendered":"\t\t<div data-elementor-type=\"wp-page\" data-elementor-id=\"6397\" class=\"elementor elementor-6397 elementor-1507\" data-elementor-post-type=\"page\">\n\t\t\t\t\t\t<section class=\"elementor-section elementor-top-section elementor-element elementor-element-03c46cb elementor-section-boxed elementor-section-height-default elementor-section-height-default\" data-id=\"03c46cb\" data-element_type=\"section\" data-e-type=\"section\">\n\t\t\t\t\t\t<div class=\"elementor-container elementor-column-gap-default\">\n\t\t\t\t\t<div class=\"elementor-column elementor-col-100 elementor-top-column elementor-element elementor-element-b38afd6\" data-id=\"b38afd6\" data-element_type=\"column\" data-e-type=\"column\">\n\t\t\t<div class=\"elementor-widget-wrap elementor-element-populated\">\n\t\t\t\t\t\t<div class=\"elementor-element elementor-element-c8f71bb elementor-widget elementor-widget-heading\" data-id=\"c8f71bb\" data-element_type=\"widget\" data-e-type=\"widget\" data-widget_type=\"heading.default\">\n\t\t\t\t<div class=\"elementor-widget-container\">\n\t\t\t\t\t<h1 class=\"elementor-heading-title elementor-size-default\">LES ROUTES<\/h1>\t\t\t\t<\/div>\n\t\t\t\t<\/div>\n\t\t\t\t\t<\/div>\n\t\t<\/div>\n\t\t\t\t\t<\/div>\n\t\t<\/section>\n\t\t\t\t<section class=\"elementor-section elementor-top-section elementor-element elementor-element-758610c elementor-section-boxed elementor-section-height-default elementor-section-height-default\" data-id=\"758610c\" data-element_type=\"section\" data-e-type=\"section\">\n\t\t\t\t\t\t<div class=\"elementor-container elementor-column-gap-default\">\n\t\t\t\t\t<div class=\"elementor-column elementor-col-100 elementor-top-column elementor-element elementor-element-2d27863\" data-id=\"2d27863\" data-element_type=\"column\" data-e-type=\"column\">\n\t\t\t<div class=\"elementor-widget-wrap elementor-element-populated\">\n\t\t\t\t\t\t<div class=\"elementor-element elementor-element-30384e9 elementor-widget elementor-widget-text-editor\" data-id=\"30384e9\" data-element_type=\"widget\" data-e-type=\"widget\" data-widget_type=\"text-editor.default\">\n\t\t\t\t<div class=\"elementor-widget-container\">\n\t\t\t\t\t\t\t\t\t<p>Les fronti\u00e8res sont beaucoup plus que des limites entre les nations : ce sont de vastes territoires marqu\u00e9s par l&rsquo;exception politique et contrari\u00e9s par des int\u00e9r\u00eats \u00e9conomiques scandaleux. Des lieux comparables \u00e0 des zones de guerre dont les milliers de victimes se trouvent toujours du m\u00eame c\u00f4t\u00e9, comme le r\u00e9v\u00e8lent les multiples r\u00e9cits des personnes et des communaut\u00e9s de migrants.<\/p><p>La fronti\u00e8re qui s\u00e9pare le continent africain et l\u2019Europe de l\u2019ouest, \u00e9tal\u00e9e sur des dizaines de milliers de kilom\u00e8tres carr\u00e9s, est complexe. La d\u00e9limitation des diff\u00e9rents itin\u00e9raires emprunt\u00e9s par les personnes en d\u00e9placement est le r\u00e9sultat de l\u2019exp\u00e9rience et de l&rsquo;histoire des communaut\u00e9s de migrants.<\/p>\t\t\t\t\t\t\t\t<\/div>\n\t\t\t\t<\/div>\n\t\t\t\t\t<\/div>\n\t\t<\/div>\n\t\t\t\t\t<\/div>\n\t\t<\/section>\n\t\t\t\t<section class=\"elementor-section elementor-top-section elementor-element elementor-element-8160417 elementor-section-boxed elementor-section-height-default elementor-section-height-default\" data-id=\"8160417\" data-element_type=\"section\" data-e-type=\"section\">\n\t\t\t\t\t\t<div class=\"elementor-container elementor-column-gap-default\">\n\t\t\t\t\t<div class=\"elementor-column elementor-col-50 elementor-top-column elementor-element elementor-element-b75c780\" data-id=\"b75c780\" data-element_type=\"column\" data-e-type=\"column\">\n\t\t\t<div class=\"elementor-widget-wrap elementor-element-populated\">\n\t\t\t\t\t\t<div class=\"elementor-element elementor-element-03783ea dce_masking-none elementor-position-top elementor-widget elementor-widget-image-box\" data-id=\"03783ea\" data-element_type=\"widget\" data-e-type=\"widget\" data-widget_type=\"image-box.default\">\n\t\t\t\t<div class=\"elementor-widget-container\">\n\t\t\t\t\t<div class=\"elementor-image-box-wrapper\"><figure class=\"elementor-image-box-img\"><a href=\"https:\/\/caminandofronteras.org\/fr\/rutas\/la-route-du-detroit-de-gibraltar\/\" tabindex=\"-1\"><img fetchpriority=\"high\" decoding=\"async\" width=\"894\" height=\"646\" src=\"https:\/\/caminandofronteras.org\/wp-content\/uploads\/2020\/04\/ruta-estrecho.jpg\" class=\"attachment-full size-full wp-image-2128\" alt=\"\" srcset=\"https:\/\/caminandofronteras.org\/wp-content\/uploads\/2020\/04\/ruta-estrecho.jpg 894w, https:\/\/caminandofronteras.org\/wp-content\/uploads\/2020\/04\/ruta-estrecho-300x217.jpg 300w, https:\/\/caminandofronteras.org\/wp-content\/uploads\/2020\/04\/ruta-estrecho-768x555.jpg 768w\" sizes=\"(max-width: 894px) 100vw, 894px\" \/><\/a><\/figure><div class=\"elementor-image-box-content\"><h2 class=\"elementor-image-box-title\"><a href=\"https:\/\/caminandofronteras.org\/fr\/rutas\/la-route-du-detroit-de-gibraltar\/\">LA ROUTE DE D\u00c9TROIT DE GIBRALTAR<\/a><\/h2><\/div><\/div>\t\t\t\t<\/div>\n\t\t\t\t<\/div>\n\t\t\t\t\t<\/div>\n\t\t<\/div>\n\t\t\t\t<div class=\"elementor-column elementor-col-50 elementor-top-column elementor-element elementor-element-f183bb1\" data-id=\"f183bb1\" data-element_type=\"column\" data-e-type=\"column\">\n\t\t\t<div class=\"elementor-widget-wrap elementor-element-populated\">\n\t\t\t\t\t\t<div class=\"elementor-element elementor-element-a102a3f dce_masking-none elementor-position-top elementor-widget elementor-widget-image-box\" data-id=\"a102a3f\" data-element_type=\"widget\" data-e-type=\"widget\" data-widget_type=\"image-box.default\">\n\t\t\t\t<div class=\"elementor-widget-container\">\n\t\t\t\t\t<div class=\"elementor-image-box-wrapper\"><figure class=\"elementor-image-box-img\"><a href=\"https:\/\/caminandofronteras.org\/fr\/rutas\/la-route-des-canaries\/\" tabindex=\"-1\"><img decoding=\"async\" width=\"894\" height=\"646\" src=\"https:\/\/caminandofronteras.org\/wp-content\/uploads\/2020\/04\/ruta-canarias.jpg\" class=\"attachment-full size-full wp-image-2127\" alt=\"\" srcset=\"https:\/\/caminandofronteras.org\/wp-content\/uploads\/2020\/04\/ruta-canarias.jpg 894w, https:\/\/caminandofronteras.org\/wp-content\/uploads\/2020\/04\/ruta-canarias-300x217.jpg 300w, https:\/\/caminandofronteras.org\/wp-content\/uploads\/2020\/04\/ruta-canarias-768x555.jpg 768w\" sizes=\"(max-width: 894px) 100vw, 894px\" \/><\/a><\/figure><div class=\"elementor-image-box-content\"><h2 class=\"elementor-image-box-title\"><a href=\"https:\/\/caminandofronteras.org\/fr\/rutas\/la-route-des-canaries\/\">LA ROUTE DES CANARIES<\/a><\/h2><\/div><\/div>\t\t\t\t<\/div>\n\t\t\t\t<\/div>\n\t\t\t\t\t<\/div>\n\t\t<\/div>\n\t\t\t\t\t<\/div>\n\t\t<\/section>\n\t\t\t\t<section class=\"elementor-section elementor-top-section elementor-element elementor-element-dcfac86 elementor-section-boxed elementor-section-height-default elementor-section-height-default\" data-id=\"dcfac86\" data-element_type=\"section\" data-e-type=\"section\">\n\t\t\t\t\t\t<div class=\"elementor-container elementor-column-gap-default\">\n\t\t\t\t\t<div class=\"elementor-column elementor-col-50 elementor-top-column elementor-element elementor-element-657a32d\" data-id=\"657a32d\" data-element_type=\"column\" data-e-type=\"column\">\n\t\t\t<div class=\"elementor-widget-wrap elementor-element-populated\">\n\t\t\t\t\t\t<div class=\"elementor-element elementor-element-7283db9 dce_masking-none elementor-position-top elementor-widget elementor-widget-image-box\" data-id=\"7283db9\" data-element_type=\"widget\" data-e-type=\"widget\" data-widget_type=\"image-box.default\">\n\t\t\t\t<div class=\"elementor-widget-container\">\n\t\t\t\t\t<div class=\"elementor-image-box-wrapper\"><figure class=\"elementor-image-box-img\"><a href=\"https:\/\/caminandofronteras.org\/fr\/rutas\/la-route-dalgerie\/\" tabindex=\"-1\"><img decoding=\"async\" width=\"894\" height=\"646\" src=\"https:\/\/caminandofronteras.org\/wp-content\/uploads\/2020\/04\/ruta-argelia.jpg\" class=\"attachment-full size-full wp-image-2126\" alt=\"\" srcset=\"https:\/\/caminandofronteras.org\/wp-content\/uploads\/2020\/04\/ruta-argelia.jpg 894w, https:\/\/caminandofronteras.org\/wp-content\/uploads\/2020\/04\/ruta-argelia-300x217.jpg 300w, https:\/\/caminandofronteras.org\/wp-content\/uploads\/2020\/04\/ruta-argelia-768x555.jpg 768w\" sizes=\"(max-width: 894px) 100vw, 894px\" \/><\/a><\/figure><div class=\"elementor-image-box-content\"><h2 class=\"elementor-image-box-title\"><a href=\"https:\/\/caminandofronteras.org\/fr\/rutas\/la-route-dalgerie\/\">LA ROUTE D'ALG\u00c9RIE<\/a><\/h2><\/div><\/div>\t\t\t\t<\/div>\n\t\t\t\t<\/div>\n\t\t\t\t\t<\/div>\n\t\t<\/div>\n\t\t\t\t<div class=\"elementor-column elementor-col-50 elementor-top-column elementor-element elementor-element-99248fc\" data-id=\"99248fc\" data-element_type=\"column\" data-e-type=\"column\">\n\t\t\t<div class=\"elementor-widget-wrap elementor-element-populated\">\n\t\t\t\t\t\t<div class=\"elementor-element elementor-element-53d106e dce_masking-none elementor-position-top elementor-widget elementor-widget-image-box\" data-id=\"53d106e\" data-element_type=\"widget\" data-e-type=\"widget\" data-widget_type=\"image-box.default\">\n\t\t\t\t<div class=\"elementor-widget-container\">\n\t\t\t\t\t<div class=\"elementor-image-box-wrapper\"><figure class=\"elementor-image-box-img\"><a href=\"https:\/\/caminandofronteras.org\/fr\/rutas\/la-route-dalboran\/\" tabindex=\"-1\"><img loading=\"lazy\" decoding=\"async\" width=\"894\" height=\"646\" src=\"https:\/\/caminandofronteras.org\/wp-content\/uploads\/2020\/04\/ruta-alboran.jpg\" class=\"attachment-full size-full wp-image-2125\" alt=\"\" srcset=\"https:\/\/caminandofronteras.org\/wp-content\/uploads\/2020\/04\/ruta-alboran.jpg 894w, https:\/\/caminandofronteras.org\/wp-content\/uploads\/2020\/04\/ruta-alboran-300x217.jpg 300w, https:\/\/caminandofronteras.org\/wp-content\/uploads\/2020\/04\/ruta-alboran-768x555.jpg 768w\" sizes=\"(max-width: 894px) 100vw, 894px\" \/><\/a><\/figure><div class=\"elementor-image-box-content\"><h2 class=\"elementor-image-box-title\"><a href=\"https:\/\/caminandofronteras.org\/fr\/rutas\/la-route-dalboran\/\">La route d\u2019Alboran<\/a><\/h2><\/div><\/div>\t\t\t\t<\/div>\n\t\t\t\t<\/div>\n\t\t\t\t\t<\/div>\n\t\t<\/div>\n\t\t\t\t\t<\/div>\n\t\t<\/section>\n\t\t\t\t<section class=\"elementor-section elementor-top-section elementor-element elementor-element-e7907b3 elementor-section-boxed elementor-section-height-default elementor-section-height-default\" data-id=\"e7907b3\" data-element_type=\"section\" data-e-type=\"section\">\n\t\t\t\t\t\t<div class=\"elementor-container elementor-column-gap-default\">\n\t\t\t\t\t<div class=\"elementor-column elementor-col-50 elementor-top-column elementor-element elementor-element-1883a3c\" data-id=\"1883a3c\" data-element_type=\"column\" data-e-type=\"column\">\n\t\t\t<div class=\"elementor-widget-wrap elementor-element-populated\">\n\t\t\t\t\t\t<div class=\"elementor-element elementor-element-c337986 dce_masking-none elementor-position-top elementor-widget elementor-widget-image-box\" data-id=\"c337986\" data-element_type=\"widget\" data-e-type=\"widget\" data-widget_type=\"image-box.default\">\n\t\t\t\t<div class=\"elementor-widget-container\">\n\t\t\t\t\t<div class=\"elementor-image-box-wrapper\"><figure class=\"elementor-image-box-img\"><a href=\"https:\/\/caminandofronteras.org\/fr\/routes\/route-terrestre\/\" tabindex=\"-1\"><img loading=\"lazy\" decoding=\"async\" width=\"1313\" height=\"696\" src=\"https:\/\/caminandofronteras.org\/wp-content\/uploads\/2023\/02\/Ruta-Terrestre-.png\" class=\"attachment-full size-full wp-image-39615\" alt=\"\" srcset=\"https:\/\/caminandofronteras.org\/wp-content\/uploads\/2023\/02\/Ruta-Terrestre-.png 1313w, https:\/\/caminandofronteras.org\/wp-content\/uploads\/2023\/02\/Ruta-Terrestre--300x159.png 300w, https:\/\/caminandofronteras.org\/wp-content\/uploads\/2023\/02\/Ruta-Terrestre--1024x543.png 1024w, https:\/\/caminandofronteras.org\/wp-content\/uploads\/2023\/02\/Ruta-Terrestre--768x407.png 768w\" sizes=\"(max-width: 1313px) 100vw, 1313px\" \/><\/a><\/figure><div class=\"elementor-image-box-content\"><h2 class=\"elementor-image-box-title\"><a href=\"https:\/\/caminandofronteras.org\/fr\/routes\/route-terrestre\/\">ROUTE TERRESTRE<\/a><\/h2><\/div><\/div>\t\t\t\t<\/div>\n\t\t\t\t<\/div>\n\t\t\t\t\t<\/div>\n\t\t<\/div>\n\t\t\t\t<div class=\"elementor-column elementor-col-50 elementor-top-column elementor-element elementor-element-4cc301b\" data-id=\"4cc301b\" data-element_type=\"column\" data-e-type=\"column\">\n\t\t\t<div class=\"elementor-widget-wrap\">\n\t\t\t\t\t\t\t<\/div>\n\t\t<\/div>\n\t\t\t\t\t<\/div>\n\t\t<\/section>\n\t\t\t\t<\/div>\n\t\t","protected":false},"excerpt":{"rendered":"<p>LES ROUTES Les fronti\u00e8res sont beaucoup plus que des limites entre les nations : ce sont de vastes territoires marqu\u00e9s par l&rsquo;exception politique et contrari\u00e9s par des int\u00e9r\u00eats \u00e9conomiques scandaleux. Des lieux comparables \u00e0 des zones de guerre dont les milliers de victimes se trouvent toujours du m\u00eame c\u00f4t\u00e9, comme le r\u00e9v\u00e8lent les multiples r\u00e9cits &#8230; <a title=\"Les routes\" class=\"read-more\" href=\"https:\/\/caminandofronteras.org\/fr\/droit-a-la-vie\/routes\/\" aria-label=\"En savoir plus sur Les routes\">Lire plus<\/a><\/p>\n","protected":false},"author":2,"featured_media":0,"parent":6393,"menu_order":0,"comment_status":"closed","ping_status":"closed","template":"elementor_header_footer","meta":{"_acf_changed":false,"_coblocks_attr":"","_coblocks_dimensions":"","_coblocks_responsive_height":"","_coblocks_accordion_ie_support":"","pgc_sgb_lightbox_settings":"","footnotes":""},"class_list":["post-6397","page","type-page","status-publish"],"acf":[],"yoast_head":"<!-- This site is optimized with the Yoast SEO plugin v27.3 - https:\/\/yoast.com\/product\/yoast-seo-wordpress\/ -->\n<title>Les routes - Caminando Fronteras<\/title>\n<meta name=\"robots\" content=\"index, follow, max-snippet:-1, max-image-preview:large, max-video-preview:-1\" \/>\n<link rel=\"canonical\" href=\"https:\/\/caminandofronteras.org\/fr\/droit-a-la-vie\/routes\/\" \/>\n<meta property=\"og:locale\" content=\"fr_FR\" \/>\n<meta property=\"og:type\" content=\"article\" \/>\n<meta property=\"og:title\" content=\"Les routes - Caminando Fronteras\" \/>\n<meta property=\"og:description\" content=\"LES ROUTES Les fronti\u00e8res sont beaucoup plus que des limites entre les nations : ce sont de vastes territoires marqu\u00e9s par l&rsquo;exception politique et contrari\u00e9s par des int\u00e9r\u00eats \u00e9conomiques scandaleux. Des lieux comparables \u00e0 des zones de guerre dont les milliers de victimes se trouvent toujours du m\u00eame c\u00f4t\u00e9, comme le r\u00e9v\u00e8lent les multiples r\u00e9cits ... Lire plus\" \/>\n<meta property=\"og:url\" content=\"https:\/\/caminandofronteras.org\/fr\/droit-a-la-vie\/routes\/\" \/>\n<meta property=\"og:site_name\" content=\"Caminando Fronteras\" \/>\n<meta property=\"article:modified_time\" content=\"2023-02-28T13:15:21+00:00\" \/>\n<meta property=\"og:image\" content=\"https:\/\/caminandofronteras.org\/wp-content\/uploads\/2020\/04\/ruta-estrecho.jpg\" \/>\n<meta name=\"twitter:card\" content=\"summary_large_image\" \/>\n<meta name=\"twitter:label1\" content=\"Dur\u00e9e de lecture estim\u00e9e\" \/>\n\t<meta name=\"twitter:data1\" content=\"2 minutes\" \/>\n<script type=\"application\/ld+json\" class=\"yoast-schema-graph\">{\"@context\":\"https:\\\/\\\/schema.org\",\"@graph\":[{\"@type\":\"WebPage\",\"@id\":\"https:\\\/\\\/caminandofronteras.org\\\/fr\\\/droit-a-la-vie\\\/routes\\\/\",\"url\":\"https:\\\/\\\/caminandofronteras.org\\\/fr\\\/droit-a-la-vie\\\/routes\\\/\",\"name\":\"Les routes - Caminando Fronteras\",\"isPartOf\":{\"@id\":\"https:\\\/\\\/caminandofronteras.org\\\/fr\\\/#website\"},\"primaryImageOfPage\":{\"@id\":\"https:\\\/\\\/caminandofronteras.org\\\/fr\\\/droit-a-la-vie\\\/routes\\\/#primaryimage\"},\"image\":{\"@id\":\"https:\\\/\\\/caminandofronteras.org\\\/fr\\\/droit-a-la-vie\\\/routes\\\/#primaryimage\"},\"thumbnailUrl\":\"https:\\\/\\\/caminandofronteras.org\\\/wp-content\\\/uploads\\\/2020\\\/04\\\/ruta-estrecho.jpg\",\"datePublished\":\"2020-03-23T16:31:09+00:00\",\"dateModified\":\"2023-02-28T13:15:21+00:00\",\"breadcrumb\":{\"@id\":\"https:\\\/\\\/caminandofronteras.org\\\/fr\\\/droit-a-la-vie\\\/routes\\\/#breadcrumb\"},\"inLanguage\":\"fr-FR\",\"potentialAction\":[{\"@type\":\"ReadAction\",\"target\":[\"https:\\\/\\\/caminandofronteras.org\\\/fr\\\/droit-a-la-vie\\\/routes\\\/\"]}]},{\"@type\":\"ImageObject\",\"inLanguage\":\"fr-FR\",\"@id\":\"https:\\\/\\\/caminandofronteras.org\\\/fr\\\/droit-a-la-vie\\\/routes\\\/#primaryimage\",\"url\":\"https:\\\/\\\/caminandofronteras.org\\\/wp-content\\\/uploads\\\/2020\\\/04\\\/ruta-estrecho.jpg\",\"contentUrl\":\"https:\\\/\\\/caminandofronteras.org\\\/wp-content\\\/uploads\\\/2020\\\/04\\\/ruta-estrecho.jpg\"},{\"@type\":\"BreadcrumbList\",\"@id\":\"https:\\\/\\\/caminandofronteras.org\\\/fr\\\/droit-a-la-vie\\\/routes\\\/#breadcrumb\",\"itemListElement\":[{\"@type\":\"ListItem\",\"position\":1,\"name\":\"Portada\",\"item\":\"https:\\\/\\\/caminandofronteras.org\\\/fr\\\/\"},{\"@type\":\"ListItem\",\"position\":2,\"name\":\"Droit \u00e0 la vie\",\"item\":\"https:\\\/\\\/caminandofronteras.org\\\/fr\\\/derecho-a-la-vida\\\/\"},{\"@type\":\"ListItem\",\"position\":3,\"name\":\"Les routes\"}]},{\"@type\":\"WebSite\",\"@id\":\"https:\\\/\\\/caminandofronteras.org\\\/fr\\\/#website\",\"url\":\"https:\\\/\\\/caminandofronteras.org\\\/fr\\\/\",\"name\":\"Caminando Fronteras\",\"description\":\"Construyendo comunidad migrante\",\"publisher\":{\"@id\":\"https:\\\/\\\/caminandofronteras.org\\\/fr\\\/#organization\"},\"potentialAction\":[{\"@type\":\"SearchAction\",\"target\":{\"@type\":\"EntryPoint\",\"urlTemplate\":\"https:\\\/\\\/caminandofronteras.org\\\/fr\\\/?s={search_term_string}\"},\"query-input\":{\"@type\":\"PropertyValueSpecification\",\"valueRequired\":true,\"valueName\":\"search_term_string\"}}],\"inLanguage\":\"fr-FR\"},{\"@type\":\"Organization\",\"@id\":\"https:\\\/\\\/caminandofronteras.org\\\/fr\\\/#organization\",\"name\":\"Caminando Fronteras\",\"url\":\"https:\\\/\\\/caminandofronteras.org\\\/fr\\\/\",\"logo\":{\"@type\":\"ImageObject\",\"inLanguage\":\"fr-FR\",\"@id\":\"https:\\\/\\\/caminandofronteras.org\\\/fr\\\/#\\\/schema\\\/logo\\\/image\\\/\",\"url\":\"https:\\\/\\\/caminandofronteras.org\\\/wp-content\\\/uploads\\\/2020\\\/02\\\/cff-negro.svg\",\"contentUrl\":\"https:\\\/\\\/caminandofronteras.org\\\/wp-content\\\/uploads\\\/2020\\\/02\\\/cff-negro.svg\",\"width\":758,\"height\":320,\"caption\":\"Caminando Fronteras\"},\"image\":{\"@id\":\"https:\\\/\\\/caminandofronteras.org\\\/fr\\\/#\\\/schema\\\/logo\\\/image\\\/\"}}]}<\/script>\n<!-- \/ Yoast SEO plugin. -->","yoast_head_json":{"title":"Les routes - Caminando Fronteras","robots":{"index":"index","follow":"follow","max-snippet":"max-snippet:-1","max-image-preview":"max-image-preview:large","max-video-preview":"max-video-preview:-1"},"canonical":"https:\/\/caminandofronteras.org\/fr\/droit-a-la-vie\/routes\/","og_locale":"fr_FR","og_type":"article","og_title":"Les routes - Caminando Fronteras","og_description":"LES ROUTES Les fronti\u00e8res sont beaucoup plus que des limites entre les nations : ce sont de vastes territoires marqu\u00e9s par l&rsquo;exception politique et contrari\u00e9s par des int\u00e9r\u00eats \u00e9conomiques scandaleux. Des lieux comparables \u00e0 des zones de guerre dont les milliers de victimes se trouvent toujours du m\u00eame c\u00f4t\u00e9, comme le r\u00e9v\u00e8lent les multiples r\u00e9cits ... Lire plus","og_url":"https:\/\/caminandofronteras.org\/fr\/droit-a-la-vie\/routes\/","og_site_name":"Caminando Fronteras","article_modified_time":"2023-02-28T13:15:21+00:00","og_image":[{"url":"https:\/\/caminandofronteras.org\/wp-content\/uploads\/2020\/04\/ruta-estrecho.jpg","type":"","width":"","height":""}],"twitter_card":"summary_large_image","twitter_misc":{"Dur\u00e9e de lecture estim\u00e9e":"2 minutes"},"schema":{"@context":"https:\/\/schema.org","@graph":[{"@type":"WebPage","@id":"https:\/\/caminandofronteras.org\/fr\/droit-a-la-vie\/routes\/","url":"https:\/\/caminandofronteras.org\/fr\/droit-a-la-vie\/routes\/","name":"Les routes - Caminando Fronteras","isPartOf":{"@id":"https:\/\/caminandofronteras.org\/fr\/#website"},"primaryImageOfPage":{"@id":"https:\/\/caminandofronteras.org\/fr\/droit-a-la-vie\/routes\/#primaryimage"},"image":{"@id":"https:\/\/caminandofronteras.org\/fr\/droit-a-la-vie\/routes\/#primaryimage"},"thumbnailUrl":"https:\/\/caminandofronteras.org\/wp-content\/uploads\/2020\/04\/ruta-estrecho.jpg","datePublished":"2020-03-23T16:31:09+00:00","dateModified":"2023-02-28T13:15:21+00:00","breadcrumb":{"@id":"https:\/\/caminandofronteras.org\/fr\/droit-a-la-vie\/routes\/#breadcrumb"},"inLanguage":"fr-FR","potentialAction":[{"@type":"ReadAction","target":["https:\/\/caminandofronteras.org\/fr\/droit-a-la-vie\/routes\/"]}]},{"@type":"ImageObject","inLanguage":"fr-FR","@id":"https:\/\/caminandofronteras.org\/fr\/droit-a-la-vie\/routes\/#primaryimage","url":"https:\/\/caminandofronteras.org\/wp-content\/uploads\/2020\/04\/ruta-estrecho.jpg","contentUrl":"https:\/\/caminandofronteras.org\/wp-content\/uploads\/2020\/04\/ruta-estrecho.jpg"},{"@type":"BreadcrumbList","@id":"https:\/\/caminandofronteras.org\/fr\/droit-a-la-vie\/routes\/#breadcrumb","itemListElement":[{"@type":"ListItem","position":1,"name":"Portada","item":"https:\/\/caminandofronteras.org\/fr\/"},{"@type":"ListItem","position":2,"name":"Droit \u00e0 la vie","item":"https:\/\/caminandofronteras.org\/fr\/derecho-a-la-vida\/"},{"@type":"ListItem","position":3,"name":"Les routes"}]},{"@type":"WebSite","@id":"https:\/\/caminandofronteras.org\/fr\/#website","url":"https:\/\/caminandofronteras.org\/fr\/","name":"Caminando Fronteras","description":"Construyendo comunidad migrante","publisher":{"@id":"https:\/\/caminandofronteras.org\/fr\/#organization"},"potentialAction":[{"@type":"SearchAction","target":{"@type":"EntryPoint","urlTemplate":"https:\/\/caminandofronteras.org\/fr\/?s={search_term_string}"},"query-input":{"@type":"PropertyValueSpecification","valueRequired":true,"valueName":"search_term_string"}}],"inLanguage":"fr-FR"},{"@type":"Organization","@id":"https:\/\/caminandofronteras.org\/fr\/#organization","name":"Caminando Fronteras","url":"https:\/\/caminandofronteras.org\/fr\/","logo":{"@type":"ImageObject","inLanguage":"fr-FR","@id":"https:\/\/caminandofronteras.org\/fr\/#\/schema\/logo\/image\/","url":"https:\/\/caminandofronteras.org\/wp-content\/uploads\/2020\/02\/cff-negro.svg","contentUrl":"https:\/\/caminandofronteras.org\/wp-content\/uploads\/2020\/02\/cff-negro.svg","width":758,"height":320,"caption":"Caminando Fronteras"},"image":{"@id":"https:\/\/caminandofronteras.org\/fr\/#\/schema\/logo\/image\/"}}]}},"_links":{"self":[{"href":"https:\/\/caminandofronteras.org\/fr\/wp-json\/wp\/v2\/pages\/6397","targetHints":{"allow":["GET"]}}],"collection":[{"href":"https:\/\/caminandofronteras.org\/fr\/wp-json\/wp\/v2\/pages"}],"about":[{"href":"https:\/\/caminandofronteras.org\/fr\/wp-json\/wp\/v2\/types\/page"}],"author":[{"embeddable":true,"href":"https:\/\/caminandofronteras.org\/fr\/wp-json\/wp\/v2\/users\/2"}],"replies":[{"embeddable":true,"href":"https:\/\/caminandofronteras.org\/fr\/wp-json\/wp\/v2\/comments?post=6397"}],"version-history":[{"count":10,"href":"https:\/\/caminandofronteras.org\/fr\/wp-json\/wp\/v2\/pages\/6397\/revisions"}],"predecessor-version":[{"id":39787,"href":"https:\/\/caminandofronteras.org\/fr\/wp-json\/wp\/v2\/pages\/6397\/revisions\/39787"}],"up":[{"embeddable":true,"href":"https:\/\/caminandofronteras.org\/fr\/wp-json\/wp\/v2\/pages\/6393"}],"wp:attachment":[{"href":"https:\/\/caminandofronteras.org\/fr\/wp-json\/wp\/v2\/media?parent=6397"}],"curies":[{"name":"wp","href":"https:\/\/api.w.org\/{rel}","templated":true}]}}