{"id":7324,"date":"2020-12-06T08:20:05","date_gmt":"2020-12-06T07:20:05","guid":{"rendered":"https:\/\/caminandofronteras.org\/?page_id=7324"},"modified":"2020-12-22T12:00:26","modified_gmt":"2020-12-22T11:00:26","slug":"banniere-de-cookies","status":"publish","type":"page","link":"https:\/\/caminandofronteras.org\/fr\/banniere-de-cookies\/","title":{"rendered":"Banni\u00e8re de cookies"},"content":{"rendered":"\n<p>Ce site web utilise ses propres cookies et ceux de tiers pour quantifier le nombre d&rsquo;utilisateurs, effectuer une analyse statistique de l&rsquo;utilisation de nos services et mettre en \u0153uvre les fonctionnalit\u00e9s du site web. Si vous appuyez sur le bouton \u00ab\u00a0accepter\u00a0\u00bb, nous comprenons que vous acceptez son utilisation. Vous pouvez obtenir de plus amples informations en consultant notre politique en mati\u00e8re de cookies et en configurant les cookies dans la section des param\u00e8tres.<\/p>\n\n\n\n<p>En entrant sur ce site web, l&rsquo;utilisateur a \u00e9t\u00e9 inform\u00e9 de l&rsquo;utilisation de cookies par un avertissement ou une alerte. Si vous avez acc\u00e9d\u00e9 et continuez \u00e0 naviguer, vous acceptez l&rsquo;installation de cookies.<\/p>\n\n\n\n<h2 class=\"wp-block-heading\"><strong><strong>D\u00e9finition des cookies<\/strong><\/strong><\/h2>\n\n\n\n<p>Un cookie est un fichier enregistr\u00e9 sur votre ordinateur ou votre \u00e9quipement lorsque vous acc\u00e9dez \u00e0 certains sites internet. Les cookies permettent \u00e0 un site, entre autres, de stocker et r\u00e9cup\u00e9rer des donn\u00e9es concernant l\u2019\u00e9quipement d\u2019un utilisateur ou encore des informations sur ses habitudes de navigation. En fonction des \u00e9l\u00e9ments recueillis et de la fa\u00e7on dont l\u2019internaute fait usage de son ordinateur, ils peuvent permettre de le reconna\u00eetre.<\/p>\n\n\n\n<h2 class=\"wp-block-heading\"><strong>Quels sont les cookies utilis\u00e9s par ce site internet?<\/strong><\/h2>\n\n\n\n<p><strong>Cookies techniques ou de fonctionnalit\u00e9 (dits \u00abessentiels\u00bb) <\/strong>: ils permettent \u00e0 l\u2019internaute de naviguer sur un site web, sur une plateforme ou une application, et d\u2019utiliser les diff\u00e9rentes options ou services qui y sont propos\u00e9s. Dans la mesure o\u00f9 ils sont essentiels \u00e0 la maintenance du site et au d\u00e9ploiement de ses fonctionnalit\u00e9s, le consentement de l\u2019utilisateur n\u2019est l\u00e9galement pas requis.<\/p>\n\n\n\n<p><strong>Cookies de mesure d\u2019audience :<\/strong> ils permettent de quantifier le nombre d\u2019utilisateurs et d\u2019effectuer ainsi la mesure et l\u2019analyse statistique de l\u2019usage qu\u2019ils font du service offert.<\/p>\n\n\n\n<figure class=\"wp-block-table\"><table><tbody><tr><td><strong>Nom<\/strong><\/td><td><strong>Fonction<\/strong><\/td><td><strong>Propri\u00e9taire<\/strong><\/td><\/tr><tr><td>WordPress_logged_in<\/td><td>Permet de d\u00e9terminer si le visiteur actuel est connect\u00e9 en tant qu\u2019utilisateur de WordPress.<\/td><td>Ca-Minando Fronteras<\/td><\/tr><tr><td>cookielawinfo<\/td><td>Affiche la banni\u00e8re de cookies, rappelle le niveau de consentement et permet de faire apparaitre le panneau de configuration.<\/td><td>Ca-Minando Fronteras<\/td><\/tr><tr><td>Gravatar<\/td><td>Recueille de mani\u00e8re anonyme les donn\u00e9es de navigation de l\u2019internaute en lui permettant d\u2019utiliser un avatar lorsqu\u2019il publie des commentaires.<\/td><td>Gravatar<\/td><\/tr><tr><td>Koko Analytics<\/td><td>Effectue une analyse statistique et anonyme des donn\u00e9es de navigation sur ce site.<\/td><td>Ca-Minando Fronteras<\/td><\/tr><\/tbody><\/table><\/figure>\n","protected":false},"excerpt":{"rendered":"<p>Ce site web utilise ses propres cookies et ceux de tiers pour quantifier le nombre d&rsquo;utilisateurs, effectuer une analyse statistique de l&rsquo;utilisation de nos services et mettre en \u0153uvre les fonctionnalit\u00e9s du site web. Si vous appuyez sur le bouton \u00ab\u00a0accepter\u00a0\u00bb, nous comprenons que vous acceptez son utilisation. Vous pouvez obtenir de plus amples informations &#8230; <a title=\"Banni\u00e8re de cookies\" class=\"read-more\" href=\"https:\/\/caminandofronteras.org\/fr\/banniere-de-cookies\/\" aria-label=\"En savoir plus sur Banni\u00e8re de cookies\">Lire plus<\/a><\/p>\n","protected":false},"author":2,"featured_media":0,"parent":0,"menu_order":0,"comment_status":"closed","ping_status":"closed","template":"","meta":{"_acf_changed":false,"_coblocks_attr":"","_coblocks_dimensions":"","_coblocks_responsive_height":"","_coblocks_accordion_ie_support":"","pgc_sgb_lightbox_settings":"","footnotes":""},"class_list":["post-7324","page","type-page","status-publish"],"acf":[],"yoast_head":"<!-- This site is optimized with the Yoast SEO plugin v27.3 - https:\/\/yoast.com\/product\/yoast-seo-wordpress\/ -->\n<title>Banni\u00e8re de cookies - Caminando Fronteras<\/title>\n<meta name=\"robots\" content=\"index, follow, max-snippet:-1, max-image-preview:large, max-video-preview:-1\" \/>\n<link rel=\"canonical\" href=\"https:\/\/caminandofronteras.org\/fr\/banniere-de-cookies\/\" \/>\n<meta property=\"og:locale\" content=\"fr_FR\" \/>\n<meta property=\"og:type\" content=\"article\" \/>\n<meta property=\"og:title\" content=\"Banni\u00e8re de cookies - Caminando Fronteras\" \/>\n<meta property=\"og:description\" content=\"Ce site web utilise ses propres cookies et ceux de tiers pour quantifier le nombre d&rsquo;utilisateurs, effectuer une analyse statistique de l&rsquo;utilisation de nos services et mettre en \u0153uvre les fonctionnalit\u00e9s du site web. Si vous appuyez sur le bouton \u00ab\u00a0accepter\u00a0\u00bb, nous comprenons que vous acceptez son utilisation. Vous pouvez obtenir de plus amples informations ... Lire plus\" \/>\n<meta property=\"og:url\" content=\"https:\/\/caminandofronteras.org\/fr\/banniere-de-cookies\/\" \/>\n<meta property=\"og:site_name\" content=\"Caminando Fronteras\" \/>\n<meta property=\"article:modified_time\" content=\"2020-12-22T11:00:26+00:00\" \/>\n<meta name=\"twitter:card\" content=\"summary_large_image\" \/>\n<meta name=\"twitter:label1\" content=\"Dur\u00e9e de lecture estim\u00e9e\" \/>\n\t<meta name=\"twitter:data1\" content=\"2 minutes\" \/>\n<script type=\"application\/ld+json\" class=\"yoast-schema-graph\">{\"@context\":\"https:\\\/\\\/schema.org\",\"@graph\":[{\"@type\":\"WebPage\",\"@id\":\"https:\\\/\\\/caminandofronteras.org\\\/fr\\\/banniere-de-cookies\\\/\",\"url\":\"https:\\\/\\\/caminandofronteras.org\\\/fr\\\/banniere-de-cookies\\\/\",\"name\":\"Banni\u00e8re de cookies - Caminando Fronteras\",\"isPartOf\":{\"@id\":\"https:\\\/\\\/caminandofronteras.org\\\/fr\\\/#website\"},\"datePublished\":\"2020-12-06T07:20:05+00:00\",\"dateModified\":\"2020-12-22T11:00:26+00:00\",\"breadcrumb\":{\"@id\":\"https:\\\/\\\/caminandofronteras.org\\\/fr\\\/banniere-de-cookies\\\/#breadcrumb\"},\"inLanguage\":\"fr-FR\",\"potentialAction\":[{\"@type\":\"ReadAction\",\"target\":[\"https:\\\/\\\/caminandofronteras.org\\\/fr\\\/banniere-de-cookies\\\/\"]}]},{\"@type\":\"BreadcrumbList\",\"@id\":\"https:\\\/\\\/caminandofronteras.org\\\/fr\\\/banniere-de-cookies\\\/#breadcrumb\",\"itemListElement\":[{\"@type\":\"ListItem\",\"position\":1,\"name\":\"Portada\",\"item\":\"https:\\\/\\\/caminandofronteras.org\\\/fr\\\/\"},{\"@type\":\"ListItem\",\"position\":2,\"name\":\"Banni\u00e8re de cookies\"}]},{\"@type\":\"WebSite\",\"@id\":\"https:\\\/\\\/caminandofronteras.org\\\/fr\\\/#website\",\"url\":\"https:\\\/\\\/caminandofronteras.org\\\/fr\\\/\",\"name\":\"Caminando Fronteras\",\"description\":\"Construyendo comunidad migrante\",\"publisher\":{\"@id\":\"https:\\\/\\\/caminandofronteras.org\\\/fr\\\/#organization\"},\"potentialAction\":[{\"@type\":\"SearchAction\",\"target\":{\"@type\":\"EntryPoint\",\"urlTemplate\":\"https:\\\/\\\/caminandofronteras.org\\\/fr\\\/?s={search_term_string}\"},\"query-input\":{\"@type\":\"PropertyValueSpecification\",\"valueRequired\":true,\"valueName\":\"search_term_string\"}}],\"inLanguage\":\"fr-FR\"},{\"@type\":\"Organization\",\"@id\":\"https:\\\/\\\/caminandofronteras.org\\\/fr\\\/#organization\",\"name\":\"Caminando Fronteras\",\"url\":\"https:\\\/\\\/caminandofronteras.org\\\/fr\\\/\",\"logo\":{\"@type\":\"ImageObject\",\"inLanguage\":\"fr-FR\",\"@id\":\"https:\\\/\\\/caminandofronteras.org\\\/fr\\\/#\\\/schema\\\/logo\\\/image\\\/\",\"url\":\"https:\\\/\\\/caminandofronteras.org\\\/wp-content\\\/uploads\\\/2020\\\/02\\\/cff-negro.svg\",\"contentUrl\":\"https:\\\/\\\/caminandofronteras.org\\\/wp-content\\\/uploads\\\/2020\\\/02\\\/cff-negro.svg\",\"width\":758,\"height\":320,\"caption\":\"Caminando Fronteras\"},\"image\":{\"@id\":\"https:\\\/\\\/caminandofronteras.org\\\/fr\\\/#\\\/schema\\\/logo\\\/image\\\/\"}}]}<\/script>\n<!-- \/ Yoast SEO plugin. -->","yoast_head_json":{"title":"Banni\u00e8re de cookies - Caminando Fronteras","robots":{"index":"index","follow":"follow","max-snippet":"max-snippet:-1","max-image-preview":"max-image-preview:large","max-video-preview":"max-video-preview:-1"},"canonical":"https:\/\/caminandofronteras.org\/fr\/banniere-de-cookies\/","og_locale":"fr_FR","og_type":"article","og_title":"Banni\u00e8re de cookies - Caminando Fronteras","og_description":"Ce site web utilise ses propres cookies et ceux de tiers pour quantifier le nombre d&rsquo;utilisateurs, effectuer une analyse statistique de l&rsquo;utilisation de nos services et mettre en \u0153uvre les fonctionnalit\u00e9s du site web. Si vous appuyez sur le bouton \u00ab\u00a0accepter\u00a0\u00bb, nous comprenons que vous acceptez son utilisation. Vous pouvez obtenir de plus amples informations ... Lire plus","og_url":"https:\/\/caminandofronteras.org\/fr\/banniere-de-cookies\/","og_site_name":"Caminando Fronteras","article_modified_time":"2020-12-22T11:00:26+00:00","twitter_card":"summary_large_image","twitter_misc":{"Dur\u00e9e de lecture estim\u00e9e":"2 minutes"},"schema":{"@context":"https:\/\/schema.org","@graph":[{"@type":"WebPage","@id":"https:\/\/caminandofronteras.org\/fr\/banniere-de-cookies\/","url":"https:\/\/caminandofronteras.org\/fr\/banniere-de-cookies\/","name":"Banni\u00e8re de cookies - Caminando Fronteras","isPartOf":{"@id":"https:\/\/caminandofronteras.org\/fr\/#website"},"datePublished":"2020-12-06T07:20:05+00:00","dateModified":"2020-12-22T11:00:26+00:00","breadcrumb":{"@id":"https:\/\/caminandofronteras.org\/fr\/banniere-de-cookies\/#breadcrumb"},"inLanguage":"fr-FR","potentialAction":[{"@type":"ReadAction","target":["https:\/\/caminandofronteras.org\/fr\/banniere-de-cookies\/"]}]},{"@type":"BreadcrumbList","@id":"https:\/\/caminandofronteras.org\/fr\/banniere-de-cookies\/#breadcrumb","itemListElement":[{"@type":"ListItem","position":1,"name":"Portada","item":"https:\/\/caminandofronteras.org\/fr\/"},{"@type":"ListItem","position":2,"name":"Banni\u00e8re de cookies"}]},{"@type":"WebSite","@id":"https:\/\/caminandofronteras.org\/fr\/#website","url":"https:\/\/caminandofronteras.org\/fr\/","name":"Caminando Fronteras","description":"Construyendo comunidad migrante","publisher":{"@id":"https:\/\/caminandofronteras.org\/fr\/#organization"},"potentialAction":[{"@type":"SearchAction","target":{"@type":"EntryPoint","urlTemplate":"https:\/\/caminandofronteras.org\/fr\/?s={search_term_string}"},"query-input":{"@type":"PropertyValueSpecification","valueRequired":true,"valueName":"search_term_string"}}],"inLanguage":"fr-FR"},{"@type":"Organization","@id":"https:\/\/caminandofronteras.org\/fr\/#organization","name":"Caminando Fronteras","url":"https:\/\/caminandofronteras.org\/fr\/","logo":{"@type":"ImageObject","inLanguage":"fr-FR","@id":"https:\/\/caminandofronteras.org\/fr\/#\/schema\/logo\/image\/","url":"https:\/\/caminandofronteras.org\/wp-content\/uploads\/2020\/02\/cff-negro.svg","contentUrl":"https:\/\/caminandofronteras.org\/wp-content\/uploads\/2020\/02\/cff-negro.svg","width":758,"height":320,"caption":"Caminando Fronteras"},"image":{"@id":"https:\/\/caminandofronteras.org\/fr\/#\/schema\/logo\/image\/"}}]}},"_links":{"self":[{"href":"https:\/\/caminandofronteras.org\/fr\/wp-json\/wp\/v2\/pages\/7324","targetHints":{"allow":["GET"]}}],"collection":[{"href":"https:\/\/caminandofronteras.org\/fr\/wp-json\/wp\/v2\/pages"}],"about":[{"href":"https:\/\/caminandofronteras.org\/fr\/wp-json\/wp\/v2\/types\/page"}],"author":[{"embeddable":true,"href":"https:\/\/caminandofronteras.org\/fr\/wp-json\/wp\/v2\/users\/2"}],"replies":[{"embeddable":true,"href":"https:\/\/caminandofronteras.org\/fr\/wp-json\/wp\/v2\/comments?post=7324"}],"version-history":[{"count":9,"href":"https:\/\/caminandofronteras.org\/fr\/wp-json\/wp\/v2\/pages\/7324\/revisions"}],"predecessor-version":[{"id":8704,"href":"https:\/\/caminandofronteras.org\/fr\/wp-json\/wp\/v2\/pages\/7324\/revisions\/8704"}],"wp:attachment":[{"href":"https:\/\/caminandofronteras.org\/fr\/wp-json\/wp\/v2\/media?parent=7324"}],"curies":[{"name":"wp","href":"https:\/\/api.w.org\/{rel}","templated":true}]}}