{"id":7337,"date":"2020-12-06T08:49:22","date_gmt":"2020-12-06T07:49:22","guid":{"rendered":"https:\/\/caminandofronteras.org\/?page_id=7337"},"modified":"2020-12-06T08:49:22","modified_gmt":"2020-12-06T07:49:22","slug":"informacion-sobre-el-tratamiento-de-sus-datos-personales","status":"publish","type":"page","link":"https:\/\/caminandofronteras.org\/fr\/informacion-sobre-el-tratamiento-de-sus-datos-personales\/","title":{"rendered":"Informaci\u00f3n sobre el tratamiento de sus datos personales"},"content":{"rendered":"\n<p>El responsable del tratamiento de sus datos personales es la Asociaci\u00f3n Colectivo Ca-Minando Fronteras, con CIF: G85593564.<\/p>\n\n\n\n<p><br>Trataremos sus datos personales para las siguientes finalidades:<\/p>\n\n\n\n<ul class=\"wp-block-list\"><li>Prestarle la atenci\u00f3n y asistencia social, legal y sanitaria que nos solicite.<\/li><li>En caso de que Ud. sea una persona vinculada con un desaparecido\/a por razones familiares, de amistad, o an\u00e1logas, trataremos los datos personales que nos facilite para realizar labores de b\u00fasqueda e identificaci\u00f3n de las personas fallecidas y\/o encontradas, en el caso de que esto sea posible.<\/li><\/ul>\n\n\n\n<p><br>Se le informa que como titular de los datos personales o interesado tiene la posibilidad de r<strong>etirar el consentimiento en cualquier momento y los derechos de acceso, rectificaci\u00f3n, supresi\u00f3n, oposici\u00f3n portabilidad y limitaci\u00f3n del tratamiento.<\/strong><\/p>\n\n\n\n<p><br>Puede ejercitar estos derechos o solicitar m\u00e1s informaci\u00f3n dirigiendo un correo electr\u00f3nico a la direcci\u00f3n <a href=\"mailto:info@caminandofronteras.org\">info@caminandofronteras.org<\/a> y adjuntando una fotocopia de su carn\u00e9 de identidad junto a su solicitud. Si lo desea, puede solicitarnos formularios rellenables para el ejercicio de sus derechos.<\/p>\n","protected":false},"excerpt":{"rendered":"<p>El responsable del tratamiento de sus datos personales es la Asociaci\u00f3n Colectivo Ca-Minando Fronteras, con CIF: G85593564. Trataremos sus datos personales para las siguientes finalidades: Prestarle la atenci\u00f3n y asistencia social, legal y sanitaria que nos solicite. En caso de que Ud. sea una persona vinculada con un desaparecido\/a por razones familiares, de amistad, o &#8230; <a title=\"Informaci\u00f3n sobre el tratamiento de sus datos personales\" class=\"read-more\" href=\"https:\/\/caminandofronteras.org\/fr\/informacion-sobre-el-tratamiento-de-sus-datos-personales\/\" aria-label=\"En savoir plus sur Informaci\u00f3n sobre el tratamiento de sus datos personales\">Lire plus<\/a><\/p>\n","protected":false},"author":2,"featured_media":0,"parent":0,"menu_order":0,"comment_status":"closed","ping_status":"closed","template":"","meta":{"_acf_changed":false,"_coblocks_attr":"","_coblocks_dimensions":"","_coblocks_responsive_height":"","_coblocks_accordion_ie_support":"","pgc_sgb_lightbox_settings":"","footnotes":""},"class_list":["post-7337","page","type-page","status-publish"],"acf":[],"yoast_head":"<!-- This site is optimized with the Yoast SEO plugin v27.3 - https:\/\/yoast.com\/product\/yoast-seo-wordpress\/ -->\n<title>Informaci\u00f3n sobre el tratamiento de sus datos personales - Caminando Fronteras<\/title>\n<meta name=\"robots\" content=\"index, follow, max-snippet:-1, max-image-preview:large, max-video-preview:-1\" \/>\n<link rel=\"canonical\" href=\"https:\/\/caminandofronteras.org\/fr\/informacion-sobre-el-tratamiento-de-sus-datos-personales\/\" \/>\n<meta property=\"og:locale\" content=\"fr_FR\" \/>\n<meta property=\"og:type\" content=\"article\" \/>\n<meta property=\"og:title\" content=\"Informaci\u00f3n sobre el tratamiento de sus datos personales - Caminando Fronteras\" \/>\n<meta property=\"og:description\" content=\"El responsable del tratamiento de sus datos personales es la Asociaci\u00f3n Colectivo Ca-Minando Fronteras, con CIF: G85593564. Trataremos sus datos personales para las siguientes finalidades: Prestarle la atenci\u00f3n y asistencia social, legal y sanitaria que nos solicite. En caso de que Ud. sea una persona vinculada con un desaparecido\/a por razones familiares, de amistad, o ... Lire plus\" \/>\n<meta property=\"og:url\" content=\"https:\/\/caminandofronteras.org\/fr\/informacion-sobre-el-tratamiento-de-sus-datos-personales\/\" \/>\n<meta property=\"og:site_name\" content=\"Caminando Fronteras\" \/>\n<meta name=\"twitter:card\" content=\"summary_large_image\" \/>\n<meta name=\"twitter:label1\" content=\"Dur\u00e9e de lecture estim\u00e9e\" \/>\n\t<meta name=\"twitter:data1\" content=\"1 minute\" \/>\n<script type=\"application\/ld+json\" class=\"yoast-schema-graph\">{\"@context\":\"https:\\\/\\\/schema.org\",\"@graph\":[{\"@type\":\"WebPage\",\"@id\":\"https:\\\/\\\/caminandofronteras.org\\\/fr\\\/informacion-sobre-el-tratamiento-de-sus-datos-personales\\\/\",\"url\":\"https:\\\/\\\/caminandofronteras.org\\\/fr\\\/informacion-sobre-el-tratamiento-de-sus-datos-personales\\\/\",\"name\":\"Informaci\u00f3n sobre el tratamiento de sus datos personales - Caminando Fronteras\",\"isPartOf\":{\"@id\":\"https:\\\/\\\/caminandofronteras.org\\\/fr\\\/#website\"},\"datePublished\":\"2020-12-06T07:49:22+00:00\",\"breadcrumb\":{\"@id\":\"https:\\\/\\\/caminandofronteras.org\\\/fr\\\/informacion-sobre-el-tratamiento-de-sus-datos-personales\\\/#breadcrumb\"},\"inLanguage\":\"fr-FR\",\"potentialAction\":[{\"@type\":\"ReadAction\",\"target\":[\"https:\\\/\\\/caminandofronteras.org\\\/fr\\\/informacion-sobre-el-tratamiento-de-sus-datos-personales\\\/\"]}]},{\"@type\":\"BreadcrumbList\",\"@id\":\"https:\\\/\\\/caminandofronteras.org\\\/fr\\\/informacion-sobre-el-tratamiento-de-sus-datos-personales\\\/#breadcrumb\",\"itemListElement\":[{\"@type\":\"ListItem\",\"position\":1,\"name\":\"Portada\",\"item\":\"https:\\\/\\\/caminandofronteras.org\\\/fr\\\/\"},{\"@type\":\"ListItem\",\"position\":2,\"name\":\"Informaci\u00f3n sobre el tratamiento de sus datos personales\"}]},{\"@type\":\"WebSite\",\"@id\":\"https:\\\/\\\/caminandofronteras.org\\\/fr\\\/#website\",\"url\":\"https:\\\/\\\/caminandofronteras.org\\\/fr\\\/\",\"name\":\"Caminando Fronteras\",\"description\":\"Construyendo comunidad migrante\",\"publisher\":{\"@id\":\"https:\\\/\\\/caminandofronteras.org\\\/fr\\\/#organization\"},\"potentialAction\":[{\"@type\":\"SearchAction\",\"target\":{\"@type\":\"EntryPoint\",\"urlTemplate\":\"https:\\\/\\\/caminandofronteras.org\\\/fr\\\/?s={search_term_string}\"},\"query-input\":{\"@type\":\"PropertyValueSpecification\",\"valueRequired\":true,\"valueName\":\"search_term_string\"}}],\"inLanguage\":\"fr-FR\"},{\"@type\":\"Organization\",\"@id\":\"https:\\\/\\\/caminandofronteras.org\\\/fr\\\/#organization\",\"name\":\"Caminando Fronteras\",\"url\":\"https:\\\/\\\/caminandofronteras.org\\\/fr\\\/\",\"logo\":{\"@type\":\"ImageObject\",\"inLanguage\":\"fr-FR\",\"@id\":\"https:\\\/\\\/caminandofronteras.org\\\/fr\\\/#\\\/schema\\\/logo\\\/image\\\/\",\"url\":\"https:\\\/\\\/caminandofronteras.org\\\/wp-content\\\/uploads\\\/2020\\\/02\\\/cff-negro.svg\",\"contentUrl\":\"https:\\\/\\\/caminandofronteras.org\\\/wp-content\\\/uploads\\\/2020\\\/02\\\/cff-negro.svg\",\"width\":758,\"height\":320,\"caption\":\"Caminando Fronteras\"},\"image\":{\"@id\":\"https:\\\/\\\/caminandofronteras.org\\\/fr\\\/#\\\/schema\\\/logo\\\/image\\\/\"}}]}<\/script>\n<!-- \/ Yoast SEO plugin. -->","yoast_head_json":{"title":"Informaci\u00f3n sobre el tratamiento de sus datos personales - Caminando Fronteras","robots":{"index":"index","follow":"follow","max-snippet":"max-snippet:-1","max-image-preview":"max-image-preview:large","max-video-preview":"max-video-preview:-1"},"canonical":"https:\/\/caminandofronteras.org\/fr\/informacion-sobre-el-tratamiento-de-sus-datos-personales\/","og_locale":"fr_FR","og_type":"article","og_title":"Informaci\u00f3n sobre el tratamiento de sus datos personales - Caminando Fronteras","og_description":"El responsable del tratamiento de sus datos personales es la Asociaci\u00f3n Colectivo Ca-Minando Fronteras, con CIF: G85593564. Trataremos sus datos personales para las siguientes finalidades: Prestarle la atenci\u00f3n y asistencia social, legal y sanitaria que nos solicite. En caso de que Ud. sea una persona vinculada con un desaparecido\/a por razones familiares, de amistad, o ... Lire plus","og_url":"https:\/\/caminandofronteras.org\/fr\/informacion-sobre-el-tratamiento-de-sus-datos-personales\/","og_site_name":"Caminando Fronteras","twitter_card":"summary_large_image","twitter_misc":{"Dur\u00e9e de lecture estim\u00e9e":"1 minute"},"schema":{"@context":"https:\/\/schema.org","@graph":[{"@type":"WebPage","@id":"https:\/\/caminandofronteras.org\/fr\/informacion-sobre-el-tratamiento-de-sus-datos-personales\/","url":"https:\/\/caminandofronteras.org\/fr\/informacion-sobre-el-tratamiento-de-sus-datos-personales\/","name":"Informaci\u00f3n sobre el tratamiento de sus datos personales - Caminando Fronteras","isPartOf":{"@id":"https:\/\/caminandofronteras.org\/fr\/#website"},"datePublished":"2020-12-06T07:49:22+00:00","breadcrumb":{"@id":"https:\/\/caminandofronteras.org\/fr\/informacion-sobre-el-tratamiento-de-sus-datos-personales\/#breadcrumb"},"inLanguage":"fr-FR","potentialAction":[{"@type":"ReadAction","target":["https:\/\/caminandofronteras.org\/fr\/informacion-sobre-el-tratamiento-de-sus-datos-personales\/"]}]},{"@type":"BreadcrumbList","@id":"https:\/\/caminandofronteras.org\/fr\/informacion-sobre-el-tratamiento-de-sus-datos-personales\/#breadcrumb","itemListElement":[{"@type":"ListItem","position":1,"name":"Portada","item":"https:\/\/caminandofronteras.org\/fr\/"},{"@type":"ListItem","position":2,"name":"Informaci\u00f3n sobre el tratamiento de sus datos personales"}]},{"@type":"WebSite","@id":"https:\/\/caminandofronteras.org\/fr\/#website","url":"https:\/\/caminandofronteras.org\/fr\/","name":"Caminando Fronteras","description":"Construyendo comunidad migrante","publisher":{"@id":"https:\/\/caminandofronteras.org\/fr\/#organization"},"potentialAction":[{"@type":"SearchAction","target":{"@type":"EntryPoint","urlTemplate":"https:\/\/caminandofronteras.org\/fr\/?s={search_term_string}"},"query-input":{"@type":"PropertyValueSpecification","valueRequired":true,"valueName":"search_term_string"}}],"inLanguage":"fr-FR"},{"@type":"Organization","@id":"https:\/\/caminandofronteras.org\/fr\/#organization","name":"Caminando Fronteras","url":"https:\/\/caminandofronteras.org\/fr\/","logo":{"@type":"ImageObject","inLanguage":"fr-FR","@id":"https:\/\/caminandofronteras.org\/fr\/#\/schema\/logo\/image\/","url":"https:\/\/caminandofronteras.org\/wp-content\/uploads\/2020\/02\/cff-negro.svg","contentUrl":"https:\/\/caminandofronteras.org\/wp-content\/uploads\/2020\/02\/cff-negro.svg","width":758,"height":320,"caption":"Caminando Fronteras"},"image":{"@id":"https:\/\/caminandofronteras.org\/fr\/#\/schema\/logo\/image\/"}}]}},"_links":{"self":[{"href":"https:\/\/caminandofronteras.org\/fr\/wp-json\/wp\/v2\/pages\/7337","targetHints":{"allow":["GET"]}}],"collection":[{"href":"https:\/\/caminandofronteras.org\/fr\/wp-json\/wp\/v2\/pages"}],"about":[{"href":"https:\/\/caminandofronteras.org\/fr\/wp-json\/wp\/v2\/types\/page"}],"author":[{"embeddable":true,"href":"https:\/\/caminandofronteras.org\/fr\/wp-json\/wp\/v2\/users\/2"}],"replies":[{"embeddable":true,"href":"https:\/\/caminandofronteras.org\/fr\/wp-json\/wp\/v2\/comments?post=7337"}],"version-history":[{"count":1,"href":"https:\/\/caminandofronteras.org\/fr\/wp-json\/wp\/v2\/pages\/7337\/revisions"}],"predecessor-version":[{"id":7338,"href":"https:\/\/caminandofronteras.org\/fr\/wp-json\/wp\/v2\/pages\/7337\/revisions\/7338"}],"wp:attachment":[{"href":"https:\/\/caminandofronteras.org\/fr\/wp-json\/wp\/v2\/media?parent=7337"}],"curies":[{"name":"wp","href":"https:\/\/api.w.org\/{rel}","templated":true}]}}