{"id":7918,"date":"2020-12-12T14:18:12","date_gmt":"2020-12-12T13:18:12","guid":{"rendered":"https:\/\/caminandofronteras.org\/media-fr\/"},"modified":"2022-12-08T15:42:26","modified_gmt":"2022-12-08T14:42:26","slug":"videos-fr","status":"publish","type":"page","link":"https:\/\/caminandofronteras.org\/fr\/videos-fr\/","title":{"rendered":"Videos"},"content":{"rendered":"\t\t<div data-elementor-type=\"wp-page\" data-elementor-id=\"7918\" class=\"elementor elementor-7918 elementor-1010\" data-elementor-post-type=\"page\">\n\t\t\t\t\t\t<section data-dce-background-overlay-color=\"#000000\" data-dce-background-image-url=\"https:\/\/caminandofronteras.org\/wp-content\/uploads\/2020\/08\/01_Seif-Kousmate-_-Six-meters-from-the-dreamland.jpg\" class=\"elementor-section elementor-top-section elementor-element elementor-element-af3e635 elementor-section-stretched elementor-section-full_width elementor-section-content-bottom elementor-section-height-default elementor-section-height-default\" data-id=\"af3e635\" data-element_type=\"section\" data-e-type=\"section\" data-settings=\"{&quot;stretch_section&quot;:&quot;section-stretched&quot;,&quot;background_background&quot;:&quot;classic&quot;}\">\n\t\t\t\t\t\t\t<div class=\"elementor-background-overlay\"><\/div>\n\t\t\t\t\t\t\t<div class=\"elementor-container elementor-column-gap-default\">\n\t\t\t\t\t<div class=\"elementor-column elementor-col-100 elementor-top-column elementor-element elementor-element-af88342\" data-id=\"af88342\" data-element_type=\"column\" data-e-type=\"column\" data-settings=\"{&quot;background_background&quot;:&quot;classic&quot;}\">\n\t\t\t<div class=\"elementor-widget-wrap elementor-element-populated\">\n\t\t\t\t\t\t<section class=\"elementor-section elementor-inner-section elementor-element elementor-element-b45fe3e elementor-section-boxed elementor-section-height-default elementor-section-height-default\" data-id=\"b45fe3e\" data-element_type=\"section\" data-e-type=\"section\">\n\t\t\t\t\t\t<div class=\"elementor-container elementor-column-gap-default\">\n\t\t\t\t\t<div class=\"elementor-column elementor-col-100 elementor-inner-column elementor-element elementor-element-cb86ac2\" data-id=\"cb86ac2\" data-element_type=\"column\" data-e-type=\"column\">\n\t\t\t<div class=\"elementor-widget-wrap elementor-element-populated\">\n\t\t\t\t\t\t<div class=\"elementor-element elementor-element-0de43c8 elementor-widget elementor-widget-heading\" data-id=\"0de43c8\" data-element_type=\"widget\" data-e-type=\"widget\" data-widget_type=\"heading.default\">\n\t\t\t\t<div class=\"elementor-widget-container\">\n\t\t\t\t\t<h1 class=\"elementor-heading-title elementor-size-default\">VIDEOS<\/h1>\t\t\t\t<\/div>\n\t\t\t\t<\/div>\n\t\t\t\t\t<\/div>\n\t\t<\/div>\n\t\t\t\t\t<\/div>\n\t\t<\/section>\n\t\t\t\t<section data-dce-background-color=\"#D8533D\" class=\"elementor-section elementor-inner-section elementor-element elementor-element-590fcb0 elementor-section-boxed elementor-section-height-default elementor-section-height-default\" data-id=\"590fcb0\" data-element_type=\"section\" data-e-type=\"section\" data-settings=\"{&quot;background_background&quot;:&quot;classic&quot;}\">\n\t\t\t\t\t\t\t<div class=\"elementor-background-overlay\"><\/div>\n\t\t\t\t\t\t\t<div class=\"elementor-container elementor-column-gap-default\">\n\t\t\t\t\t<div class=\"elementor-column elementor-col-50 elementor-inner-column elementor-element elementor-element-08a6882\" data-id=\"08a6882\" data-element_type=\"column\" data-e-type=\"column\">\n\t\t\t<div class=\"elementor-widget-wrap elementor-element-populated\">\n\t\t\t\t\t\t<div class=\"elementor-element elementor-element-2b8fa50 elementor-widget elementor-widget-text-editor\" data-id=\"2b8fa50\" data-element_type=\"widget\" data-e-type=\"widget\" data-widget_type=\"text-editor.default\">\n\t\t\t\t<div class=\"elementor-widget-container\">\n\t\t\t\t\t\t\t\t\t<p>Nous cr\u00e9ons et diffusons des contenus qui cherchent \u00e0 montrer la situation actuelle \u00e0 la fronti\u00e8re sud. Par le biais de vid\u00e9os, de photos ou de m\u00e8mes que vous pouvez partager librement \u00e0 condition de citer la source, de ne pas modifier l&rsquo;\u0153uvre et d&rsquo;\u00eatre antiraciste.<\/p>\n\t\t\t\t\t\t\t\t<\/div>\n\t\t\t\t<\/div>\n\t\t\t\t\t<\/div>\n\t\t<\/div>\n\t\t\t\t<div class=\"elementor-column elementor-col-50 elementor-inner-column elementor-element elementor-element-cbc27e3\" data-id=\"cbc27e3\" data-element_type=\"column\" data-e-type=\"column\">\n\t\t\t<div class=\"elementor-widget-wrap\">\n\t\t\t\t\t\t\t<\/div>\n\t\t<\/div>\n\t\t\t\t\t<\/div>\n\t\t<\/section>\n\t\t\t\t<section data-dce-background-color=\"#FFFFFF\" class=\"elementor-section elementor-inner-section elementor-element elementor-element-fdacea0 elementor-section-boxed elementor-section-height-default elementor-section-height-default\" data-id=\"fdacea0\" data-element_type=\"section\" data-e-type=\"section\" data-settings=\"{&quot;background_background&quot;:&quot;classic&quot;}\">\n\t\t\t\t\t\t\t<div class=\"elementor-background-overlay\"><\/div>\n\t\t\t\t\t\t\t<div class=\"elementor-container elementor-column-gap-default\">\n\t\t\t\t\t<div class=\"elementor-column elementor-col-100 elementor-inner-column elementor-element elementor-element-2b46e34\" data-id=\"2b46e34\" data-element_type=\"column\" data-e-type=\"column\">\n\t\t\t<div class=\"elementor-widget-wrap elementor-element-populated\">\n\t\t\t\t\t\t<div class=\"elementor-element elementor-element-1586e13 elementor-widget elementor-widget-text-editor\" data-id=\"1586e13\" data-element_type=\"widget\" data-e-type=\"widget\" data-widget_type=\"text-editor.default\">\n\t\t\t\t<div class=\"elementor-widget-container\">\n\t\t\t\t\t\t\t\t\t<p><div class=\"epyt-gallery\" data-currpage=\"1\" id=\"epyt_gallery_39716\"><div class=\"epyt-video-wrapper\"><iframe  id=\"_ytid_63661\"  width=\"1200\" height=\"675\"  data-origwidth=\"1200\" data-origheight=\"675\" src=\"https:\/\/www.youtube.com\/embed\/?enablejsapi=1&#038;autoplay=0&#038;cc_load_policy=0&#038;cc_lang_pref=&#038;iv_load_policy=1&#038;loop=0&#038;rel=0&#038;fs=1&#038;playsinline=0&#038;autohide=2&#038;theme=dark&#038;color=red&#038;controls=1&#038;disablekb=0&#038;\" class=\"__youtube_prefs__  __youtube_prefs_widget__  no-lazyload\" title=\"YouTube player\"  data-epytgalleryid=\"epyt_gallery_39716\"  allow=\"fullscreen; accelerometer; autoplay; clipboard-write; encrypted-media; gyroscope; picture-in-picture; web-share\" referrerpolicy=\"strict-origin-when-cross-origin\" allowfullscreen data-no-lazy=\"1\" data-skipgform_ajax_framebjll=\"\"><\/iframe><\/div><div class=\"epyt-gallery-list\"><div>Sorry, there was a YouTube error.<\/div><\/div><\/div><\/p>\n\t\t\t\t\t\t\t\t<\/div>\n\t\t\t\t<\/div>\n\t\t\t\t\t<\/div>\n\t\t<\/div>\n\t\t\t\t\t<\/div>\n\t\t<\/section>\n\t\t\t\t\t<\/div>\n\t\t<\/div>\n\t\t\t\t\t<\/div>\n\t\t<\/section>\n\t\t\t\t<\/div>\n\t\t","protected":false},"excerpt":{"rendered":"<p>VIDEOS Nous cr\u00e9ons et diffusons des contenus qui cherchent \u00e0 montrer la situation actuelle \u00e0 la fronti\u00e8re sud. Par le biais de vid\u00e9os, de photos ou de m\u00e8mes que vous pouvez partager librement \u00e0 condition de citer la source, de ne pas modifier l&rsquo;\u0153uvre et d&rsquo;\u00eatre antiraciste.<\/p>\n","protected":false},"author":2,"featured_media":0,"parent":0,"menu_order":0,"comment_status":"closed","ping_status":"closed","template":"elementor_header_footer","meta":{"_acf_changed":false,"_coblocks_attr":"","_coblocks_dimensions":"","_coblocks_responsive_height":"","_coblocks_accordion_ie_support":"","pgc_sgb_lightbox_settings":"","footnotes":""},"class_list":["post-7918","page","type-page","status-publish"],"acf":[],"yoast_head":"<!-- This site is optimized with the Yoast SEO plugin v27.3 - https:\/\/yoast.com\/product\/yoast-seo-wordpress\/ -->\n<title>Videos - Caminando Fronteras<\/title>\n<meta name=\"robots\" content=\"index, follow, max-snippet:-1, max-image-preview:large, max-video-preview:-1\" \/>\n<link rel=\"canonical\" href=\"https:\/\/caminandofronteras.org\/fr\/videos-fr\/\" \/>\n<meta property=\"og:locale\" content=\"fr_FR\" \/>\n<meta property=\"og:type\" content=\"article\" \/>\n<meta property=\"og:title\" content=\"Videos - Caminando Fronteras\" \/>\n<meta property=\"og:description\" content=\"VIDEOS Nous cr\u00e9ons et diffusons des contenus qui cherchent \u00e0 montrer la situation actuelle \u00e0 la fronti\u00e8re sud. Par le biais de vid\u00e9os, de photos ou de m\u00e8mes que vous pouvez partager librement \u00e0 condition de citer la source, de ne pas modifier l&rsquo;\u0153uvre et d&rsquo;\u00eatre antiraciste.\" \/>\n<meta property=\"og:url\" content=\"https:\/\/caminandofronteras.org\/fr\/videos-fr\/\" \/>\n<meta property=\"og:site_name\" content=\"Caminando Fronteras\" \/>\n<meta property=\"article:modified_time\" content=\"2022-12-08T14:42:26+00:00\" \/>\n<meta name=\"twitter:card\" content=\"summary_large_image\" \/>\n<meta name=\"twitter:label1\" content=\"Dur\u00e9e de lecture estim\u00e9e\" \/>\n\t<meta name=\"twitter:data1\" content=\"1 minute\" \/>\n<script type=\"application\/ld+json\" class=\"yoast-schema-graph\">{\"@context\":\"https:\\\/\\\/schema.org\",\"@graph\":[{\"@type\":\"WebPage\",\"@id\":\"https:\\\/\\\/caminandofronteras.org\\\/fr\\\/videos-fr\\\/\",\"url\":\"https:\\\/\\\/caminandofronteras.org\\\/fr\\\/videos-fr\\\/\",\"name\":\"Videos - Caminando Fronteras\",\"isPartOf\":{\"@id\":\"https:\\\/\\\/caminandofronteras.org\\\/fr\\\/#website\"},\"datePublished\":\"2020-12-12T13:18:12+00:00\",\"dateModified\":\"2022-12-08T14:42:26+00:00\",\"breadcrumb\":{\"@id\":\"https:\\\/\\\/caminandofronteras.org\\\/fr\\\/videos-fr\\\/#breadcrumb\"},\"inLanguage\":\"fr-FR\",\"potentialAction\":[{\"@type\":\"ReadAction\",\"target\":[\"https:\\\/\\\/caminandofronteras.org\\\/fr\\\/videos-fr\\\/\"]}]},{\"@type\":\"BreadcrumbList\",\"@id\":\"https:\\\/\\\/caminandofronteras.org\\\/fr\\\/videos-fr\\\/#breadcrumb\",\"itemListElement\":[{\"@type\":\"ListItem\",\"position\":1,\"name\":\"Portada\",\"item\":\"https:\\\/\\\/caminandofronteras.org\\\/fr\\\/\"},{\"@type\":\"ListItem\",\"position\":2,\"name\":\"Videos\"}]},{\"@type\":\"WebSite\",\"@id\":\"https:\\\/\\\/caminandofronteras.org\\\/fr\\\/#website\",\"url\":\"https:\\\/\\\/caminandofronteras.org\\\/fr\\\/\",\"name\":\"Caminando Fronteras\",\"description\":\"Construyendo comunidad migrante\",\"publisher\":{\"@id\":\"https:\\\/\\\/caminandofronteras.org\\\/fr\\\/#organization\"},\"potentialAction\":[{\"@type\":\"SearchAction\",\"target\":{\"@type\":\"EntryPoint\",\"urlTemplate\":\"https:\\\/\\\/caminandofronteras.org\\\/fr\\\/?s={search_term_string}\"},\"query-input\":{\"@type\":\"PropertyValueSpecification\",\"valueRequired\":true,\"valueName\":\"search_term_string\"}}],\"inLanguage\":\"fr-FR\"},{\"@type\":\"Organization\",\"@id\":\"https:\\\/\\\/caminandofronteras.org\\\/fr\\\/#organization\",\"name\":\"Caminando Fronteras\",\"url\":\"https:\\\/\\\/caminandofronteras.org\\\/fr\\\/\",\"logo\":{\"@type\":\"ImageObject\",\"inLanguage\":\"fr-FR\",\"@id\":\"https:\\\/\\\/caminandofronteras.org\\\/fr\\\/#\\\/schema\\\/logo\\\/image\\\/\",\"url\":\"https:\\\/\\\/caminandofronteras.org\\\/wp-content\\\/uploads\\\/2020\\\/02\\\/cff-negro.svg\",\"contentUrl\":\"https:\\\/\\\/caminandofronteras.org\\\/wp-content\\\/uploads\\\/2020\\\/02\\\/cff-negro.svg\",\"width\":758,\"height\":320,\"caption\":\"Caminando Fronteras\"},\"image\":{\"@id\":\"https:\\\/\\\/caminandofronteras.org\\\/fr\\\/#\\\/schema\\\/logo\\\/image\\\/\"}}]}<\/script>\n<!-- \/ Yoast SEO plugin. -->","yoast_head_json":{"title":"Videos - Caminando Fronteras","robots":{"index":"index","follow":"follow","max-snippet":"max-snippet:-1","max-image-preview":"max-image-preview:large","max-video-preview":"max-video-preview:-1"},"canonical":"https:\/\/caminandofronteras.org\/fr\/videos-fr\/","og_locale":"fr_FR","og_type":"article","og_title":"Videos - Caminando Fronteras","og_description":"VIDEOS Nous cr\u00e9ons et diffusons des contenus qui cherchent \u00e0 montrer la situation actuelle \u00e0 la fronti\u00e8re sud. Par le biais de vid\u00e9os, de photos ou de m\u00e8mes que vous pouvez partager librement \u00e0 condition de citer la source, de ne pas modifier l&rsquo;\u0153uvre et d&rsquo;\u00eatre antiraciste.","og_url":"https:\/\/caminandofronteras.org\/fr\/videos-fr\/","og_site_name":"Caminando Fronteras","article_modified_time":"2022-12-08T14:42:26+00:00","twitter_card":"summary_large_image","twitter_misc":{"Dur\u00e9e de lecture estim\u00e9e":"1 minute"},"schema":{"@context":"https:\/\/schema.org","@graph":[{"@type":"WebPage","@id":"https:\/\/caminandofronteras.org\/fr\/videos-fr\/","url":"https:\/\/caminandofronteras.org\/fr\/videos-fr\/","name":"Videos - Caminando Fronteras","isPartOf":{"@id":"https:\/\/caminandofronteras.org\/fr\/#website"},"datePublished":"2020-12-12T13:18:12+00:00","dateModified":"2022-12-08T14:42:26+00:00","breadcrumb":{"@id":"https:\/\/caminandofronteras.org\/fr\/videos-fr\/#breadcrumb"},"inLanguage":"fr-FR","potentialAction":[{"@type":"ReadAction","target":["https:\/\/caminandofronteras.org\/fr\/videos-fr\/"]}]},{"@type":"BreadcrumbList","@id":"https:\/\/caminandofronteras.org\/fr\/videos-fr\/#breadcrumb","itemListElement":[{"@type":"ListItem","position":1,"name":"Portada","item":"https:\/\/caminandofronteras.org\/fr\/"},{"@type":"ListItem","position":2,"name":"Videos"}]},{"@type":"WebSite","@id":"https:\/\/caminandofronteras.org\/fr\/#website","url":"https:\/\/caminandofronteras.org\/fr\/","name":"Caminando Fronteras","description":"Construyendo comunidad migrante","publisher":{"@id":"https:\/\/caminandofronteras.org\/fr\/#organization"},"potentialAction":[{"@type":"SearchAction","target":{"@type":"EntryPoint","urlTemplate":"https:\/\/caminandofronteras.org\/fr\/?s={search_term_string}"},"query-input":{"@type":"PropertyValueSpecification","valueRequired":true,"valueName":"search_term_string"}}],"inLanguage":"fr-FR"},{"@type":"Organization","@id":"https:\/\/caminandofronteras.org\/fr\/#organization","name":"Caminando Fronteras","url":"https:\/\/caminandofronteras.org\/fr\/","logo":{"@type":"ImageObject","inLanguage":"fr-FR","@id":"https:\/\/caminandofronteras.org\/fr\/#\/schema\/logo\/image\/","url":"https:\/\/caminandofronteras.org\/wp-content\/uploads\/2020\/02\/cff-negro.svg","contentUrl":"https:\/\/caminandofronteras.org\/wp-content\/uploads\/2020\/02\/cff-negro.svg","width":758,"height":320,"caption":"Caminando Fronteras"},"image":{"@id":"https:\/\/caminandofronteras.org\/fr\/#\/schema\/logo\/image\/"}}]}},"_links":{"self":[{"href":"https:\/\/caminandofronteras.org\/fr\/wp-json\/wp\/v2\/pages\/7918","targetHints":{"allow":["GET"]}}],"collection":[{"href":"https:\/\/caminandofronteras.org\/fr\/wp-json\/wp\/v2\/pages"}],"about":[{"href":"https:\/\/caminandofronteras.org\/fr\/wp-json\/wp\/v2\/types\/page"}],"author":[{"embeddable":true,"href":"https:\/\/caminandofronteras.org\/fr\/wp-json\/wp\/v2\/users\/2"}],"replies":[{"embeddable":true,"href":"https:\/\/caminandofronteras.org\/fr\/wp-json\/wp\/v2\/comments?post=7918"}],"version-history":[{"count":5,"href":"https:\/\/caminandofronteras.org\/fr\/wp-json\/wp\/v2\/pages\/7918\/revisions"}],"predecessor-version":[{"id":37609,"href":"https:\/\/caminandofronteras.org\/fr\/wp-json\/wp\/v2\/pages\/7918\/revisions\/37609"}],"wp:attachment":[{"href":"https:\/\/caminandofronteras.org\/fr\/wp-json\/wp\/v2\/media?parent=7918"}],"curies":[{"name":"wp","href":"https:\/\/api.w.org\/{rel}","templated":true}]}}