{"id":8302,"date":"2020-12-13T20:00:13","date_gmt":"2020-12-13T19:00:13","guid":{"rendered":"https:\/\/caminandofronteras.org\/licence-de-production-de-paires\/"},"modified":"2020-12-13T20:00:13","modified_gmt":"2020-12-13T19:00:13","slug":"licence-de-production-de-paires","status":"publish","type":"page","link":"https:\/\/caminandofronteras.org\/fr\/licence-de-production-de-paires\/","title":{"rendered":"Licence de production de paires"},"content":{"rendered":"\n<p>La licence de <strong>production \u00ab\u00a0Peer to Peer\u00a0\u00bb<\/strong> est un exemple de licence Copyfarleft o\u00f9 seules les personnes, coop\u00e9ratives ou entit\u00e9s \u00e0 but non lucratif peuvent partager et r\u00e9utiliser le travail, mais o\u00f9 aucune entit\u00e9 commerciale dont l&rsquo;objectif est d&rsquo;obtenir des b\u00e9n\u00e9fices \u00e9conomiques du travail n&rsquo;est autoris\u00e9e \u00e0 l&rsquo;utiliser sans r\u00e9ciprocit\u00e9 explicite envers le bien commun.<\/p>\n\n<p>Caminando Fronteras utilise cette licence de production par les pairs. Voici le texte de la licence, <a href=\"https:\/\/endefensadelsl.org\/ppl_deed_es.html\">lisible par l&rsquo;homme<\/a> (en espagnol). Si vous voulez voir le texte complet, vous pouvez le consulter ici.<\/p>\n\n<h3 class=\"wp-block-heading\">Vous \u00eates libre de<\/h3>\n\n<ul class=\"wp-block-list\"><li>Partager &#8211; copier, distribuer, ex\u00e9cuter et communiquer publiquement l&rsquo;\u0153uvre.<\/li><li>Faire des \u0153uvres d\u00e9riv\u00e9es.<\/li><\/ul>\n\n<h3 class=\"wp-block-heading\">Dans les conditions suivantes<\/h3>\n\n<div class=\"wp-block-image\"><figure class=\"aligncenter size-large\"><img decoding=\"async\" width=\"71\" height=\"71\" src=\"https:\/\/caminandofronteras.org\/wp-content\/uploads\/2020\/08\/by.png\" alt=\"\" class=\"wp-image-4010\" title=\"\"\/><\/figure><\/div>\n\n<p><strong>Attribution<\/strong> &#8211; Vous devez attribuer l&rsquo;\u0153uvre de la mani\u00e8re sp\u00e9cifi\u00e9e par l&rsquo;auteur ou le donneur de licence (mais pas d&rsquo;une mani\u00e8re qui sugg\u00e8re que vous les approuvez ou leur utilisation de votre \u0153uvre).<\/p>\n\n<div class=\"wp-block-image\"><figure class=\"aligncenter size-large\"><img decoding=\"async\" width=\"71\" height=\"71\" src=\"https:\/\/caminandofronteras.org\/wp-content\/uploads\/2020\/08\/sa.png\" alt=\"\" class=\"wp-image-4012\" title=\"\"\/><\/figure><\/div>\n\n<p><strong>Partage sous la m\u00eame licence<\/strong> &#8211; Si vous modifiez ou transformez cette \u0153uvre, ou cr\u00e9ez une \u0153uvre d\u00e9riv\u00e9e, vous ne pouvez distribuer l&rsquo;\u0153uvre cr\u00e9\u00e9e que sous une licence identique \u00e0 celle-ci.<\/p>\n\n<div class=\"wp-block-image\"><figure class=\"aligncenter size-large\"><img decoding=\"async\" width=\"71\" height=\"71\" src=\"https:\/\/caminandofronteras.org\/wp-content\/uploads\/2020\/08\/nc.png\" alt=\"\" class=\"wp-image-4011\" title=\"\"\/><\/figure><\/div>\n\n<p><strong>Non-capitaliste<\/strong> &#8211; L&rsquo;exploitation commerciale de ce travail n&rsquo;est autoris\u00e9e qu&rsquo;aux coop\u00e9ratives, aux organisations et collectifs \u00e0 but non lucratif, aux organisations de travailleurs autog\u00e9r\u00e9es, et l\u00e0 o\u00f9 il n&rsquo;existe pas de relations d&rsquo;exploitation. Tout surplus ou plus-value obtenu de l&rsquo;exercice des droits accord\u00e9s par la pr\u00e9sente licence sur l&rsquo;\u0153uvre doit \u00eatre r\u00e9parti par et entre les travailleurs.<\/p>\n\n<h3 class=\"wp-block-heading\">Comprendre que<\/h3>\n\n<p><strong>Clause de non-responsabilit\u00e9<\/strong> &#8211; Certaines de ces conditions peuvent ne pas s&rsquo;appliquer si l&rsquo;autorisation est obtenue du titulaire du droit d&rsquo;auteur.<\/p>\n\n<p><strong>Domaine public<\/strong> &#8211; Lorsque l&rsquo;\u0153uvre ou l&rsquo;un de ses \u00e9l\u00e9ments est dans le domaine public selon la loi applicable en vigueur, cette situation ne sera pas affect\u00e9e par la licence.<\/p>\n\n<p><strong>Autres droits<\/strong> &#8211; Les droits suivants ne sont en aucune fa\u00e7on affect\u00e9s par la licence :<\/p>\n\n<ul class=\"wp-block-list\"><li>Les droits d\u00e9coulant d&rsquo;utilisations l\u00e9gitimes ou d&rsquo;autres limitations reconnues par la loi ne sont pas affect\u00e9s par ce qui pr\u00e9c\u00e8de ;<\/li><li>Le droit moral de l&rsquo;auteur ;<\/li><li>Les droits que d&rsquo;autres personnes peuvent avoir sur l&rsquo;\u0153uvre elle-m\u00eame ou son utilisation, tels que les droits \u00e0 l&rsquo;image ou \u00e0 la vie priv\u00e9e.<\/li><\/ul>\n\n<p><strong>Remarque<\/strong> &#8211; Lorsque vous r\u00e9utilisez ou distribuez l&rsquo;\u0153uvre, vous devez indiquer clairement les termes de la licence de cette \u0153uvre. La meilleure fa\u00e7on de le faire est de cr\u00e9er un lien vers cette page.<\/p>\n","protected":false},"excerpt":{"rendered":"<p>La licence de production \u00ab\u00a0Peer to Peer\u00a0\u00bb est un exemple de licence Copyfarleft o\u00f9 seules les personnes, coop\u00e9ratives ou entit\u00e9s \u00e0 but non lucratif peuvent partager et r\u00e9utiliser le travail, mais o\u00f9 aucune entit\u00e9 commerciale dont l&rsquo;objectif est d&rsquo;obtenir des b\u00e9n\u00e9fices \u00e9conomiques du travail n&rsquo;est autoris\u00e9e \u00e0 l&rsquo;utiliser sans r\u00e9ciprocit\u00e9 explicite envers le bien commun. &#8230; <a title=\"Licence de production de paires\" class=\"read-more\" href=\"https:\/\/caminandofronteras.org\/fr\/licence-de-production-de-paires\/\" aria-label=\"En savoir plus sur Licence de production de paires\">Lire plus<\/a><\/p>\n","protected":false},"author":2,"featured_media":0,"parent":0,"menu_order":0,"comment_status":"closed","ping_status":"closed","template":"","meta":{"_acf_changed":false,"_coblocks_attr":"","_coblocks_dimensions":"","_coblocks_responsive_height":"","_coblocks_accordion_ie_support":"","pgc_sgb_lightbox_settings":"","footnotes":""},"class_list":["post-8302","page","type-page","status-publish"],"acf":[],"yoast_head":"<!-- This site is optimized with the Yoast SEO plugin v26.9 - https:\/\/yoast.com\/product\/yoast-seo-wordpress\/ -->\n<title>Licence de production de paires - Caminando Fronteras<\/title>\n<meta name=\"robots\" content=\"index, follow, max-snippet:-1, max-image-preview:large, max-video-preview:-1\" \/>\n<link rel=\"canonical\" href=\"https:\/\/caminandofronteras.org\/fr\/licence-de-production-de-paires\/\" \/>\n<meta property=\"og:locale\" content=\"fr_FR\" \/>\n<meta property=\"og:type\" content=\"article\" \/>\n<meta property=\"og:title\" content=\"Licence de production de paires - Caminando Fronteras\" \/>\n<meta property=\"og:description\" content=\"La licence de production \u00ab\u00a0Peer to Peer\u00a0\u00bb est un exemple de licence Copyfarleft o\u00f9 seules les personnes, coop\u00e9ratives ou entit\u00e9s \u00e0 but non lucratif peuvent partager et r\u00e9utiliser le travail, mais o\u00f9 aucune entit\u00e9 commerciale dont l&rsquo;objectif est d&rsquo;obtenir des b\u00e9n\u00e9fices \u00e9conomiques du travail n&rsquo;est autoris\u00e9e \u00e0 l&rsquo;utiliser sans r\u00e9ciprocit\u00e9 explicite envers le bien commun. ... Lire plus\" \/>\n<meta property=\"og:url\" content=\"https:\/\/caminandofronteras.org\/fr\/licence-de-production-de-paires\/\" \/>\n<meta property=\"og:site_name\" content=\"Caminando Fronteras\" \/>\n<meta property=\"og:image\" content=\"https:\/\/caminandofronteras.org\/wp-content\/uploads\/2020\/08\/by.png\" \/>\n<meta name=\"twitter:card\" content=\"summary_large_image\" \/>\n<meta name=\"twitter:label1\" content=\"Dur\u00e9e de lecture estim\u00e9e\" \/>\n\t<meta name=\"twitter:data1\" content=\"2 minutes\" \/>\n<script type=\"application\/ld+json\" class=\"yoast-schema-graph\">{\"@context\":\"https:\/\/schema.org\",\"@graph\":[{\"@type\":\"WebPage\",\"@id\":\"https:\/\/caminandofronteras.org\/fr\/licence-de-production-de-paires\/\",\"url\":\"https:\/\/caminandofronteras.org\/fr\/licence-de-production-de-paires\/\",\"name\":\"Licence de production de paires - Caminando Fronteras\",\"isPartOf\":{\"@id\":\"https:\/\/caminandofronteras.org\/fr\/#website\"},\"primaryImageOfPage\":{\"@id\":\"https:\/\/caminandofronteras.org\/fr\/licence-de-production-de-paires\/#primaryimage\"},\"image\":{\"@id\":\"https:\/\/caminandofronteras.org\/fr\/licence-de-production-de-paires\/#primaryimage\"},\"thumbnailUrl\":\"https:\/\/caminandofronteras.org\/wp-content\/uploads\/2020\/08\/by.png\",\"datePublished\":\"2020-12-13T19:00:13+00:00\",\"breadcrumb\":{\"@id\":\"https:\/\/caminandofronteras.org\/fr\/licence-de-production-de-paires\/#breadcrumb\"},\"inLanguage\":\"fr-FR\",\"potentialAction\":[{\"@type\":\"ReadAction\",\"target\":[\"https:\/\/caminandofronteras.org\/fr\/licence-de-production-de-paires\/\"]}]},{\"@type\":\"ImageObject\",\"inLanguage\":\"fr-FR\",\"@id\":\"https:\/\/caminandofronteras.org\/fr\/licence-de-production-de-paires\/#primaryimage\",\"url\":\"https:\/\/caminandofronteras.org\/wp-content\/uploads\/2020\/08\/by.png\",\"contentUrl\":\"https:\/\/caminandofronteras.org\/wp-content\/uploads\/2020\/08\/by.png\"},{\"@type\":\"BreadcrumbList\",\"@id\":\"https:\/\/caminandofronteras.org\/fr\/licence-de-production-de-paires\/#breadcrumb\",\"itemListElement\":[{\"@type\":\"ListItem\",\"position\":1,\"name\":\"Portada\",\"item\":\"https:\/\/caminandofronteras.org\/fr\/\"},{\"@type\":\"ListItem\",\"position\":2,\"name\":\"Licence de production de paires\"}]},{\"@type\":\"WebSite\",\"@id\":\"https:\/\/caminandofronteras.org\/fr\/#website\",\"url\":\"https:\/\/caminandofronteras.org\/fr\/\",\"name\":\"Caminando Fronteras\",\"description\":\"Construyendo comunidad migrante\",\"publisher\":{\"@id\":\"https:\/\/caminandofronteras.org\/fr\/#organization\"},\"potentialAction\":[{\"@type\":\"SearchAction\",\"target\":{\"@type\":\"EntryPoint\",\"urlTemplate\":\"https:\/\/caminandofronteras.org\/fr\/?s={search_term_string}\"},\"query-input\":{\"@type\":\"PropertyValueSpecification\",\"valueRequired\":true,\"valueName\":\"search_term_string\"}}],\"inLanguage\":\"fr-FR\"},{\"@type\":\"Organization\",\"@id\":\"https:\/\/caminandofronteras.org\/fr\/#organization\",\"name\":\"Caminando Fronteras\",\"url\":\"https:\/\/caminandofronteras.org\/fr\/\",\"logo\":{\"@type\":\"ImageObject\",\"inLanguage\":\"fr-FR\",\"@id\":\"https:\/\/caminandofronteras.org\/fr\/#\/schema\/logo\/image\/\",\"url\":\"https:\/\/caminandofronteras.org\/wp-content\/uploads\/2020\/02\/cff-negro.svg\",\"contentUrl\":\"https:\/\/caminandofronteras.org\/wp-content\/uploads\/2020\/02\/cff-negro.svg\",\"width\":758,\"height\":320,\"caption\":\"Caminando Fronteras\"},\"image\":{\"@id\":\"https:\/\/caminandofronteras.org\/fr\/#\/schema\/logo\/image\/\"}}]}<\/script>\n<!-- \/ Yoast SEO plugin. -->","yoast_head_json":{"title":"Licence de production de paires - Caminando Fronteras","robots":{"index":"index","follow":"follow","max-snippet":"max-snippet:-1","max-image-preview":"max-image-preview:large","max-video-preview":"max-video-preview:-1"},"canonical":"https:\/\/caminandofronteras.org\/fr\/licence-de-production-de-paires\/","og_locale":"fr_FR","og_type":"article","og_title":"Licence de production de paires - Caminando Fronteras","og_description":"La licence de production \u00ab\u00a0Peer to Peer\u00a0\u00bb est un exemple de licence Copyfarleft o\u00f9 seules les personnes, coop\u00e9ratives ou entit\u00e9s \u00e0 but non lucratif peuvent partager et r\u00e9utiliser le travail, mais o\u00f9 aucune entit\u00e9 commerciale dont l&rsquo;objectif est d&rsquo;obtenir des b\u00e9n\u00e9fices \u00e9conomiques du travail n&rsquo;est autoris\u00e9e \u00e0 l&rsquo;utiliser sans r\u00e9ciprocit\u00e9 explicite envers le bien commun. ... Lire plus","og_url":"https:\/\/caminandofronteras.org\/fr\/licence-de-production-de-paires\/","og_site_name":"Caminando Fronteras","og_image":[{"url":"https:\/\/caminandofronteras.org\/wp-content\/uploads\/2020\/08\/by.png","type":"","width":"","height":""}],"twitter_card":"summary_large_image","twitter_misc":{"Dur\u00e9e de lecture estim\u00e9e":"2 minutes"},"schema":{"@context":"https:\/\/schema.org","@graph":[{"@type":"WebPage","@id":"https:\/\/caminandofronteras.org\/fr\/licence-de-production-de-paires\/","url":"https:\/\/caminandofronteras.org\/fr\/licence-de-production-de-paires\/","name":"Licence de production de paires - Caminando Fronteras","isPartOf":{"@id":"https:\/\/caminandofronteras.org\/fr\/#website"},"primaryImageOfPage":{"@id":"https:\/\/caminandofronteras.org\/fr\/licence-de-production-de-paires\/#primaryimage"},"image":{"@id":"https:\/\/caminandofronteras.org\/fr\/licence-de-production-de-paires\/#primaryimage"},"thumbnailUrl":"https:\/\/caminandofronteras.org\/wp-content\/uploads\/2020\/08\/by.png","datePublished":"2020-12-13T19:00:13+00:00","breadcrumb":{"@id":"https:\/\/caminandofronteras.org\/fr\/licence-de-production-de-paires\/#breadcrumb"},"inLanguage":"fr-FR","potentialAction":[{"@type":"ReadAction","target":["https:\/\/caminandofronteras.org\/fr\/licence-de-production-de-paires\/"]}]},{"@type":"ImageObject","inLanguage":"fr-FR","@id":"https:\/\/caminandofronteras.org\/fr\/licence-de-production-de-paires\/#primaryimage","url":"https:\/\/caminandofronteras.org\/wp-content\/uploads\/2020\/08\/by.png","contentUrl":"https:\/\/caminandofronteras.org\/wp-content\/uploads\/2020\/08\/by.png"},{"@type":"BreadcrumbList","@id":"https:\/\/caminandofronteras.org\/fr\/licence-de-production-de-paires\/#breadcrumb","itemListElement":[{"@type":"ListItem","position":1,"name":"Portada","item":"https:\/\/caminandofronteras.org\/fr\/"},{"@type":"ListItem","position":2,"name":"Licence de production de paires"}]},{"@type":"WebSite","@id":"https:\/\/caminandofronteras.org\/fr\/#website","url":"https:\/\/caminandofronteras.org\/fr\/","name":"Caminando Fronteras","description":"Construyendo comunidad migrante","publisher":{"@id":"https:\/\/caminandofronteras.org\/fr\/#organization"},"potentialAction":[{"@type":"SearchAction","target":{"@type":"EntryPoint","urlTemplate":"https:\/\/caminandofronteras.org\/fr\/?s={search_term_string}"},"query-input":{"@type":"PropertyValueSpecification","valueRequired":true,"valueName":"search_term_string"}}],"inLanguage":"fr-FR"},{"@type":"Organization","@id":"https:\/\/caminandofronteras.org\/fr\/#organization","name":"Caminando Fronteras","url":"https:\/\/caminandofronteras.org\/fr\/","logo":{"@type":"ImageObject","inLanguage":"fr-FR","@id":"https:\/\/caminandofronteras.org\/fr\/#\/schema\/logo\/image\/","url":"https:\/\/caminandofronteras.org\/wp-content\/uploads\/2020\/02\/cff-negro.svg","contentUrl":"https:\/\/caminandofronteras.org\/wp-content\/uploads\/2020\/02\/cff-negro.svg","width":758,"height":320,"caption":"Caminando Fronteras"},"image":{"@id":"https:\/\/caminandofronteras.org\/fr\/#\/schema\/logo\/image\/"}}]}},"_links":{"self":[{"href":"https:\/\/caminandofronteras.org\/fr\/wp-json\/wp\/v2\/pages\/8302","targetHints":{"allow":["GET"]}}],"collection":[{"href":"https:\/\/caminandofronteras.org\/fr\/wp-json\/wp\/v2\/pages"}],"about":[{"href":"https:\/\/caminandofronteras.org\/fr\/wp-json\/wp\/v2\/types\/page"}],"author":[{"embeddable":true,"href":"https:\/\/caminandofronteras.org\/fr\/wp-json\/wp\/v2\/users\/2"}],"replies":[{"embeddable":true,"href":"https:\/\/caminandofronteras.org\/fr\/wp-json\/wp\/v2\/comments?post=8302"}],"version-history":[{"count":1,"href":"https:\/\/caminandofronteras.org\/fr\/wp-json\/wp\/v2\/pages\/8302\/revisions"}],"predecessor-version":[{"id":8303,"href":"https:\/\/caminandofronteras.org\/fr\/wp-json\/wp\/v2\/pages\/8302\/revisions\/8303"}],"wp:attachment":[{"href":"https:\/\/caminandofronteras.org\/fr\/wp-json\/wp\/v2\/media?parent=8302"}],"curies":[{"name":"wp","href":"https:\/\/api.w.org\/{rel}","templated":true}]}}